{"id":1028,"date":"2024-05-24T19:15:39","date_gmt":"2024-05-24T19:15:39","guid":{"rendered":"https:\/\/mintvalleyfcu.org\/?page_id=1028"},"modified":"2024-05-24T19:49:46","modified_gmt":"2024-05-24T19:49:46","slug":"language-assistance-program","status":"publish","type":"page","link":"https:\/\/mintvalleyfcu.org\/es\/language-assistance-program\/","title":{"rendered":"Programa de asistencia ling\u00fc\u00edstica"},"content":{"rendered":"<div data-elementor-type=\"wp-page\" data-elementor-id=\"1028\" class=\"elementor elementor-1028\" data-elementor-post-type=\"page\">\n\t\t\t\t\t\t<section class=\"elementor-section elementor-top-section elementor-element elementor-element-16efa411 elementor-section-height-min-height elementor-section-content-middle elementor-section-boxed elementor-section-height-default elementor-section-items-middle\" data-id=\"16efa411\" data-element_type=\"section\" data-e-type=\"section\" data-settings=\"{&quot;background_background&quot;:&quot;classic&quot;,&quot;shape_divider_bottom&quot;:&quot;curve&quot;}\">\n\t\t\t\t\t<div class=\"elementor-shape elementor-shape-bottom\" aria-hidden=\"true\" data-negative=\"false\">\n\t\t\t<svg xmlns=\"http:\/\/www.w3.org\/2000\/svg\" viewbox=\"0 0 1000 100\" preserveaspectratio=\"none\">\n    <path class=\"elementor-shape-fill\" d=\"M1000,4.3V0H0v4.3C0.9,23.1,126.7,99.2,500,100S1000,22.7,1000,4.3z\"\/>\n<\/svg>\t\t<\/div>\n\t\t\t\t\t<div class=\"elementor-container elementor-column-gap-no\">\n\t\t\t\t\t<div class=\"elementor-column elementor-col-100 elementor-top-column elementor-element elementor-element-544c37aa\" data-id=\"544c37aa\" data-element_type=\"column\" data-e-type=\"column\">\n\t\t\t<div class=\"elementor-widget-wrap elementor-element-populated\">\n\t\t\t\t\t\t<div class=\"elementor-element elementor-element-73e589a8 elementor-widget elementor-widget-heading\" data-id=\"73e589a8\" data-element_type=\"widget\" data-e-type=\"widget\" data-widget_type=\"heading.default\">\n\t\t\t\t<div class=\"elementor-widget-container\">\n\t\t\t\t\t<h1 class=\"elementor-heading-title elementor-size-default\">Programa de asistencia ling\u00fc\u00edstica<\/h1>\t\t\t\t<\/div>\n\t\t\t\t<\/div>\n\t\t\t\t<div class=\"elementor-element elementor-element-a8bf5e7 elementor-hidden-desktop elementor-hidden-tablet elementor-hidden-mobile elementor-widget elementor-widget-text-editor\" data-id=\"a8bf5e7\" data-element_type=\"widget\" data-e-type=\"widget\" data-widget_type=\"text-editor.default\">\n\t\t\t\t<div class=\"elementor-widget-container\">\n\t\t\t\t\t\t\t\t\tMint Valley Federal Credit Union se esfuerza por garantizar que sus servicios sean accesibles para las personas con discapacidades. Mint Valley Federal Credit Union ha invertido una cantidad significativa de recursos para ayudar a garantizar que su sitio web sea m\u00e1s f\u00e1cil de usar y m\u00e1s accesible para las personas con discapacidad, con la firme convicci\u00f3n de que todas las personas tienen derecho a vivir con dignidad, igualdad, comodidad e independencia.\t\t\t\t\t\t\t\t<\/div>\n\t\t\t\t<\/div>\n\t\t\t\t<div class=\"elementor-element elementor-element-61bbb627 elementor-widget elementor-widget-spacer\" data-id=\"61bbb627\" data-element_type=\"widget\" data-e-type=\"widget\" data-widget_type=\"spacer.default\">\n\t\t\t\t<div class=\"elementor-widget-container\">\n\t\t\t\t\t\t\t<div class=\"elementor-spacer\">\n\t\t\t<div class=\"elementor-spacer-inner\"><\/div>\n\t\t<\/div>\n\t\t\t\t\t\t<\/div>\n\t\t\t\t<\/div>\n\t\t\t\t\t<\/div>\n\t\t<\/div>\n\t\t\t\t\t<\/div>\n\t\t<\/section>\n\t\t\t\t<section class=\"elementor-section elementor-top-section elementor-element elementor-element-3e48c43c elementor-section-boxed elementor-section-height-default elementor-section-height-default\" data-id=\"3e48c43c\" data-element_type=\"section\" data-e-type=\"section\">\n\t\t\t\t\t\t<div class=\"elementor-container elementor-column-gap-default\">\n\t\t\t\t\t<div class=\"elementor-column elementor-col-100 elementor-top-column elementor-element elementor-element-601f03f1\" data-id=\"601f03f1\" data-element_type=\"column\" data-e-type=\"column\" data-settings=\"{&quot;background_background&quot;:&quot;classic&quot;}\">\n\t\t\t<div class=\"elementor-widget-wrap elementor-element-populated\">\n\t\t\t\t\t\t<div class=\"elementor-element elementor-element-e9a15c9 elementor-widget elementor-widget-text-editor\" data-id=\"e9a15c9\" data-element_type=\"widget\" data-e-type=\"widget\" data-widget_type=\"text-editor.default\">\n\t\t\t\t<div class=\"elementor-widget-container\">\n\t\t\t\t\t\t\t\t\t<h3><strong>Objective: <\/strong>To provide adequate language assistance services to our members with limited English proficiency, ensuring they have equal access to our financial services and information.<\/h3>\n<h4>Program Components:<\/h4>\n<p><b>1. Language Assistance Program<br><ul><li><span style=\"background-color: transparent; color: var( --e-global-color-text ); font-family: var( --e-global-typography-text-font-family ), Sans-serif; font-weight: var( --e-global-typography-text-font-weight );\">President\/ CEO will be the primary employee responsible for overseeing and managing Mint Valley FCU\u2019s Language Assistance Program.<\/span><\/li><\/ul><\/b><\/p>\n<p><span style=\"color: var( --e-global-color-text ); font-family: var( --e-global-typography-text-font-family ), Sans-serif;\"><b>2. Identification of Language needs<br><ul><li><span style=\"background-color: transparent; color: var( --e-global-color-text ); font-family: var( --e-global-typography-text-font-family ), Sans-serif; font-weight: var( --e-global-typography-text-font-weight );\">Primary member language assistance needs in our service area is Spanish.<\/span><\/li><\/ul><\/b><\/span><\/p>\n<p><b>3. Bilingual resources<br><ul><li><span style=\"background-color: transparent; color: var( --e-global-color-text ); font-family: var( --e-global-typography-text-font-family ), Sans-serif; font-weight: var( --e-global-typography-text-font-weight );\">Mint Valley Credit Union will compile a database of translated materials, such as forms, brochures, and key documents as needed.<\/span><\/li><\/ul><\/b><\/p><p><b>4. Interpretation Services<\/b><br><ul style=\"\"><li style=\"\"><span style=\"background-color: transparent; color: var( --e-global-color-text ); font-family: var( --e-global-typography-text-font-family ), Sans-serif;\"><span style=\"font-weight: var( --e-global-typography-text-font-weight );\">Mint Valley Credit Union has multiple bi-lingual employees who are qualified to provide interpretation services for members both in-person and via the telephone.<\/span><\/span><\/li><li style=\"\">Staff Interpreters are available during regular business hours.<\/li><\/ul><\/p>\n<p><b>5. Translation Services<br><ul><li><span style=\"background-color: transparent; color: var( --e-global-color-text ); font-family: var( --e-global-typography-text-font-family ), Sans-serif; font-weight: var( --e-global-typography-text-font-weight );\">Translation services will be provided for essential documents and forms (primarily account agreements, loan documents and account and loan applications) into the languages most spoken by members, if determined there is a member need for these services.<\/span><\/li><\/ul><\/b><\/p><p><b>6. Training<br><ul><li><span style=\"background-color: transparent; color: var( --e-global-color-text ); font-family: var( --e-global-typography-text-font-family ), Sans-serif; font-weight: var( --e-global-typography-text-font-weight );\">Staff training will be provided on cultural sensitivity, effective communication with members with limited English proficiency, and the proper use of interpretation and translation services.<\/span><\/li><\/ul><\/b><\/p>\n<p><b>7.&nbsp;Communication and Outreach<br><\/b><\/p><ul><li><span style=\"background-color: transparent; color: var( --e-global-color-text ); font-family: var( --e-global-typography-text-font-family ), Sans-serif; font-weight: var( --e-global-typography-text-font-weight );\">The availability of language assistance services to members will be promoted through the credit union\u2019s website and in-branch signage.<\/span><\/li><li>The credit union\u2019s Language Assistance Program is available on our website.<\/li>\n<\/ul>\n<p><br><b>8. Member feedback and evaluation<br><\/b><\/p><ul><li><span style=\"background-color: transparent; color: var( --e-global-color-text ); font-family: var( --e-global-typography-text-font-family ), Sans-serif; font-weight: var( --e-global-typography-text-font-weight );\">Members can provide feedback on our language assistance services either in branch, via telephone or on our website by clicking the \u2018Contact Us\u2019 button at the top of the page.<\/span><\/li><li>The program effectiveness will be evaluated at least annually and improvements will be implemented as needed.<\/li>\n<\/ul>\n<p><br><b>9. Compliance<br><ul><li><span style=\"background-color: transparent; color: var( --e-global-color-text ); font-family: var( --e-global-typography-text-font-family ), Sans-serif; font-weight: var( --e-global-typography-text-font-weight );\">Mint Valley FCU\u2019s language assistance program complies with all applicable federal and state laws, including Title VI of the Civil Rights Act and any other relevant regulations.<\/span><\/li><\/ul><\/b><\/p><p><b>10. Record Keeping<br><\/b><\/p><ul><li><span style=\"background-color: transparent; color: var( --e-global-color-text ); font-family: var( --e-global-typography-text-font-family ), Sans-serif; font-weight: var( --e-global-typography-text-font-weight );\">Records will be maintained on language assistance services provided, including the language used, date, and purpose of assistance.<\/span><\/li><li>A record of complaints or feedback related to language assistance will be maintained<\/li>\n<\/ul>\n<p><br><b>11. Reporting<br><ul><li><span style=\"background-color: transparent; color: var( --e-global-color-text ); font-family: var( --e-global-typography-text-font-family ), Sans-serif; font-weight: var( --e-global-typography-text-font-weight );\">An annual report on the credit unions language assistance program, summarizing activities, accomplishments, and improvements made throughout the year will be provided.<\/span><\/li><\/ul><\/b><\/p>\n<p>Reviewed and approved by Mint Valley Federal Credit Union Board of Directors: May 16, 2024<\/p>\t\t\t\t\t\t\t\t<\/div>\n\t\t\t\t<\/div>\n\t\t\t\t\t<\/div>\n\t\t<\/div>\n\t\t\t\t\t<\/div>\n\t\t<\/section>\n\t\t\t\t<\/div>","protected":false},"excerpt":{"rendered":"<p>Language Assistance Program Mint Valley Federal Credit Union strives to ensure that its services are accessible to people with disabilities. Mint Valley Federal Credit Union has invested a significant amount of resources to help ensure that its website is made easier to use and more accessible for people with disabilities, with the strong belief that [&hellip;]<\/p>\n","protected":false},"author":8,"featured_media":474,"parent":0,"menu_order":0,"comment_status":"closed","ping_status":"closed","template":"","meta":{"_acf_changed":false,"content-type":"","footnotes":""},"categories":[],"tags":[],"class_list":["post-1028","page","type-page","status-publish","has-post-thumbnail","hentry"],"acf":[],"yoast_head":"<!-- This site is optimized with the Yoast SEO plugin v27.3 - https:\/\/yoast.com\/product\/yoast-seo-wordpress\/ -->\n<title>Language Assistance Program - Mint Valley Federal Credit Union<\/title>\n<meta name=\"robots\" content=\"index, follow, max-snippet:-1, max-image-preview:large, max-video-preview:-1\" \/>\n<link rel=\"canonical\" href=\"https:\/\/mintvalleyfcu.org\/es\/language-assistance-program\/\" \/>\n<meta property=\"og:locale\" content=\"es_ES\" \/>\n<meta property=\"og:type\" content=\"article\" \/>\n<meta property=\"og:title\" content=\"Language Assistance Program - Mint Valley Federal Credit Union\" \/>\n<meta property=\"og:description\" content=\"Language Assistance Program Mint Valley Federal Credit Union strives to ensure that its services are accessible to people with disabilities. Mint Valley Federal Credit Union has invested a significant amount of resources to help ensure that its website is made easier to use and more accessible for people with disabilities, with the strong belief that [&hellip;]\" \/>\n<meta property=\"og:url\" content=\"https:\/\/mintvalleyfcu.org\/es\/language-assistance-program\/\" \/>\n<meta property=\"og:site_name\" content=\"Mint Valley Federal Credit Union\" \/>\n<meta property=\"article:modified_time\" content=\"2024-05-24T19:49:46+00:00\" \/>\n<meta property=\"og:image\" content=\"https:\/\/mintvalleyfcu.org\/wp-content\/uploads\/2022\/04\/accessible-mv.png\" \/>\n\t<meta property=\"og:image:width\" content=\"470\" \/>\n\t<meta property=\"og:image:height\" content=\"470\" \/>\n\t<meta property=\"og:image:type\" content=\"image\/png\" \/>\n<meta name=\"twitter:card\" content=\"summary_large_image\" \/>\n<meta name=\"twitter:label1\" content=\"Est. reading time\" \/>\n\t<meta name=\"twitter:data1\" content=\"2 minutos\" \/>\n<script type=\"application\/ld+json\" class=\"yoast-schema-graph\">{\"@context\":\"https:\\\/\\\/schema.org\",\"@graph\":[{\"@type\":\"WebPage\",\"@id\":\"https:\\\/\\\/mintvalleyfcu.org\\\/language-assistance-program\\\/\",\"url\":\"https:\\\/\\\/mintvalleyfcu.org\\\/language-assistance-program\\\/\",\"name\":\"Language Assistance Program - Mint Valley Federal Credit Union\",\"isPartOf\":{\"@id\":\"https:\\\/\\\/mintvalleyfcu.org\\\/#website\"},\"primaryImageOfPage\":{\"@id\":\"https:\\\/\\\/mintvalleyfcu.org\\\/language-assistance-program\\\/#primaryimage\"},\"image\":{\"@id\":\"https:\\\/\\\/mintvalleyfcu.org\\\/language-assistance-program\\\/#primaryimage\"},\"thumbnailUrl\":\"https:\\\/\\\/mintvalleyfcu.org\\\/wp-content\\\/uploads\\\/2022\\\/04\\\/accessible-mv.png\",\"datePublished\":\"2024-05-24T19:15:39+00:00\",\"dateModified\":\"2024-05-24T19:49:46+00:00\",\"breadcrumb\":{\"@id\":\"https:\\\/\\\/mintvalleyfcu.org\\\/language-assistance-program\\\/#breadcrumb\"},\"inLanguage\":\"es\",\"potentialAction\":[{\"@type\":\"ReadAction\",\"target\":[\"https:\\\/\\\/mintvalleyfcu.org\\\/language-assistance-program\\\/\"]}]},{\"@type\":\"ImageObject\",\"inLanguage\":\"es\",\"@id\":\"https:\\\/\\\/mintvalleyfcu.org\\\/language-assistance-program\\\/#primaryimage\",\"url\":\"https:\\\/\\\/mintvalleyfcu.org\\\/wp-content\\\/uploads\\\/2022\\\/04\\\/accessible-mv.png\",\"contentUrl\":\"https:\\\/\\\/mintvalleyfcu.org\\\/wp-content\\\/uploads\\\/2022\\\/04\\\/accessible-mv.png\",\"width\":470,\"height\":470,\"caption\":\"Woman sitting in wheelchair while leaning over desk to type on laptop\"},{\"@type\":\"BreadcrumbList\",\"@id\":\"https:\\\/\\\/mintvalleyfcu.org\\\/language-assistance-program\\\/#breadcrumb\",\"itemListElement\":[{\"@type\":\"ListItem\",\"position\":1,\"name\":\"Home\",\"item\":\"https:\\\/\\\/mintvalleyfcu.org\\\/\"},{\"@type\":\"ListItem\",\"position\":2,\"name\":\"Language Assistance Program\"}]},{\"@type\":\"WebSite\",\"@id\":\"https:\\\/\\\/mintvalleyfcu.org\\\/#website\",\"url\":\"https:\\\/\\\/mintvalleyfcu.org\\\/\",\"name\":\"Mint Valley Federal Credit Union\",\"description\":\"If you\u2019re looking for a credit union that treats you more like family than just another customer, Mint Valley Federal Credit Union is the place for you.\",\"publisher\":{\"@id\":\"https:\\\/\\\/mintvalleyfcu.org\\\/#organization\"},\"potentialAction\":[{\"@type\":\"SearchAction\",\"target\":{\"@type\":\"EntryPoint\",\"urlTemplate\":\"https:\\\/\\\/mintvalleyfcu.org\\\/?s={search_term_string}\"},\"query-input\":{\"@type\":\"PropertyValueSpecification\",\"valueRequired\":true,\"valueName\":\"search_term_string\"}}],\"inLanguage\":\"es\"},{\"@type\":\"Organization\",\"@id\":\"https:\\\/\\\/mintvalleyfcu.org\\\/#organization\",\"name\":\"Mint Valley Federal Credit Union\",\"url\":\"https:\\\/\\\/mintvalleyfcu.org\\\/\",\"logo\":{\"@type\":\"ImageObject\",\"inLanguage\":\"es\",\"@id\":\"https:\\\/\\\/mintvalleyfcu.org\\\/#\\\/schema\\\/logo\\\/image\\\/\",\"url\":\"https:\\\/\\\/mintvalleyfcu.org\\\/wp-content\\\/uploads\\\/2022\\\/02\\\/MintValley_logo_horizontal_90th_White-scaled.png\",\"contentUrl\":\"https:\\\/\\\/mintvalleyfcu.org\\\/wp-content\\\/uploads\\\/2022\\\/02\\\/MintValley_logo_horizontal_90th_White-scaled.png\",\"width\":2560,\"height\":1047,\"caption\":\"Mint Valley Federal Credit Union\"},\"image\":{\"@id\":\"https:\\\/\\\/mintvalleyfcu.org\\\/#\\\/schema\\\/logo\\\/image\\\/\"}}]}<\/script>\n<!-- \/ Yoast SEO plugin. -->","yoast_head_json":{"title":"Language Assistance Program - Mint Valley Federal Credit Union","robots":{"index":"index","follow":"follow","max-snippet":"max-snippet:-1","max-image-preview":"max-image-preview:large","max-video-preview":"max-video-preview:-1"},"canonical":"https:\/\/mintvalleyfcu.org\/es\/language-assistance-program\/","og_locale":"es_ES","og_type":"article","og_title":"Language Assistance Program - Mint Valley Federal Credit Union","og_description":"Language Assistance Program Mint Valley Federal Credit Union strives to ensure that its services are accessible to people with disabilities. Mint Valley Federal Credit Union has invested a significant amount of resources to help ensure that its website is made easier to use and more accessible for people with disabilities, with the strong belief that [&hellip;]","og_url":"https:\/\/mintvalleyfcu.org\/es\/language-assistance-program\/","og_site_name":"Mint Valley Federal Credit Union","article_modified_time":"2024-05-24T19:49:46+00:00","og_image":[{"width":470,"height":470,"url":"https:\/\/mintvalleyfcu.org\/wp-content\/uploads\/2022\/04\/accessible-mv.png","type":"image\/png"}],"twitter_card":"summary_large_image","twitter_misc":{"Est. reading time":"2 minutos"},"schema":{"@context":"https:\/\/schema.org","@graph":[{"@type":"WebPage","@id":"https:\/\/mintvalleyfcu.org\/language-assistance-program\/","url":"https:\/\/mintvalleyfcu.org\/language-assistance-program\/","name":"Language Assistance Program - Mint Valley Federal Credit Union","isPartOf":{"@id":"https:\/\/mintvalleyfcu.org\/#website"},"primaryImageOfPage":{"@id":"https:\/\/mintvalleyfcu.org\/language-assistance-program\/#primaryimage"},"image":{"@id":"https:\/\/mintvalleyfcu.org\/language-assistance-program\/#primaryimage"},"thumbnailUrl":"https:\/\/mintvalleyfcu.org\/wp-content\/uploads\/2022\/04\/accessible-mv.png","datePublished":"2024-05-24T19:15:39+00:00","dateModified":"2024-05-24T19:49:46+00:00","breadcrumb":{"@id":"https:\/\/mintvalleyfcu.org\/language-assistance-program\/#breadcrumb"},"inLanguage":"es","potentialAction":[{"@type":"ReadAction","target":["https:\/\/mintvalleyfcu.org\/language-assistance-program\/"]}]},{"@type":"ImageObject","inLanguage":"es","@id":"https:\/\/mintvalleyfcu.org\/language-assistance-program\/#primaryimage","url":"https:\/\/mintvalleyfcu.org\/wp-content\/uploads\/2022\/04\/accessible-mv.png","contentUrl":"https:\/\/mintvalleyfcu.org\/wp-content\/uploads\/2022\/04\/accessible-mv.png","width":470,"height":470,"caption":"Woman sitting in wheelchair while leaning over desk to type on laptop"},{"@type":"BreadcrumbList","@id":"https:\/\/mintvalleyfcu.org\/language-assistance-program\/#breadcrumb","itemListElement":[{"@type":"ListItem","position":1,"name":"Home","item":"https:\/\/mintvalleyfcu.org\/"},{"@type":"ListItem","position":2,"name":"Language Assistance Program"}]},{"@type":"WebSite","@id":"https:\/\/mintvalleyfcu.org\/#website","url":"https:\/\/mintvalleyfcu.org\/","name":"Mint Valley Federal Credit Union","description":"Si est\u00e1 buscando una cooperativa de cr\u00e9dito que lo trate m\u00e1s como familia que como un cliente m\u00e1s, Mint Valley Federal Credit Union es el lugar para usted.","publisher":{"@id":"https:\/\/mintvalleyfcu.org\/#organization"},"potentialAction":[{"@type":"SearchAction","target":{"@type":"EntryPoint","urlTemplate":"https:\/\/mintvalleyfcu.org\/?s={search_term_string}"},"query-input":{"@type":"PropertyValueSpecification","valueRequired":true,"valueName":"search_term_string"}}],"inLanguage":"es"},{"@type":"Organization","@id":"https:\/\/mintvalleyfcu.org\/#organization","name":"Mint Valley Federal Credit Union","url":"https:\/\/mintvalleyfcu.org\/","logo":{"@type":"ImageObject","inLanguage":"es","@id":"https:\/\/mintvalleyfcu.org\/#\/schema\/logo\/image\/","url":"https:\/\/mintvalleyfcu.org\/wp-content\/uploads\/2022\/02\/MintValley_logo_horizontal_90th_White-scaled.png","contentUrl":"https:\/\/mintvalleyfcu.org\/wp-content\/uploads\/2022\/02\/MintValley_logo_horizontal_90th_White-scaled.png","width":2560,"height":1047,"caption":"Mint Valley Federal Credit Union"},"image":{"@id":"https:\/\/mintvalleyfcu.org\/#\/schema\/logo\/image\/"}}]}},"featured_image_src":"https:\/\/mintvalleyfcu.org\/wp-content\/uploads\/2022\/04\/accessible-mv-470x400.png","featured_image_src_square":"https:\/\/mintvalleyfcu.org\/wp-content\/uploads\/2022\/04\/accessible-mv.png","_links":{"self":[{"href":"https:\/\/mintvalleyfcu.org\/es\/wp-json\/wp\/v2\/pages\/1028","targetHints":{"allow":["GET"]}}],"collection":[{"href":"https:\/\/mintvalleyfcu.org\/es\/wp-json\/wp\/v2\/pages"}],"about":[{"href":"https:\/\/mintvalleyfcu.org\/es\/wp-json\/wp\/v2\/types\/page"}],"author":[{"embeddable":true,"href":"https:\/\/mintvalleyfcu.org\/es\/wp-json\/wp\/v2\/users\/8"}],"replies":[{"embeddable":true,"href":"https:\/\/mintvalleyfcu.org\/es\/wp-json\/wp\/v2\/comments?post=1028"}],"version-history":[{"count":0,"href":"https:\/\/mintvalleyfcu.org\/es\/wp-json\/wp\/v2\/pages\/1028\/revisions"}],"wp:featuredmedia":[{"embeddable":true,"href":"https:\/\/mintvalleyfcu.org\/es\/wp-json\/wp\/v2\/media\/474"}],"wp:attachment":[{"href":"https:\/\/mintvalleyfcu.org\/es\/wp-json\/wp\/v2\/media?parent=1028"}],"wp:term":[{"taxonomy":"category","embeddable":true,"href":"https:\/\/mintvalleyfcu.org\/es\/wp-json\/wp\/v2\/categories?post=1028"},{"taxonomy":"post_tag","embeddable":true,"href":"https:\/\/mintvalleyfcu.org\/es\/wp-json\/wp\/v2\/tags?post=1028"}],"curies":[{"name":"wp","href":"https:\/\/api.w.org\/{rel}","templated":true}]}}