{"id":1095,"date":"2024-12-02T13:33:48","date_gmt":"2024-12-02T13:33:48","guid":{"rendered":"https:\/\/mintvalleyfcu.org\/?page_id=1095"},"modified":"2024-12-04T13:03:25","modified_gmt":"2024-12-04T13:03:25","slug":"prueba-de-seguro","status":"publish","type":"page","link":"https:\/\/mintvalleyfcu.org\/es\/proof-of-insurance\/","title":{"rendered":"Prueba de seguro"},"content":{"rendered":"<div data-elementor-type=\"wp-page\" data-elementor-id=\"1095\" class=\"elementor elementor-1095\" data-elementor-post-type=\"page\">\n\t\t\t\t\t\t<section class=\"elementor-section elementor-top-section elementor-element elementor-element-e756a73 elementor-section-boxed elementor-section-height-default elementor-section-height-default\" data-id=\"e756a73\" data-element_type=\"section\" data-e-type=\"section\" data-settings=\"{&quot;background_background&quot;:&quot;gradient&quot;}\">\n\t\t\t\t\t\t<div class=\"elementor-container elementor-column-gap-default\">\n\t\t\t\t\t<div class=\"elementor-column elementor-col-50 elementor-top-column elementor-element elementor-element-1db6651\" data-id=\"1db6651\" data-element_type=\"column\" data-e-type=\"column\">\n\t\t\t<div class=\"elementor-widget-wrap elementor-element-populated\">\n\t\t\t\t\t\t<div class=\"elementor-element elementor-element-d9bb596 elementor-widget elementor-widget-heading\" data-id=\"d9bb596\" data-element_type=\"widget\" data-e-type=\"widget\" data-widget_type=\"heading.default\">\n\t\t\t\t<div class=\"elementor-widget-container\">\n\t\t\t\t\t<h1 class=\"elementor-heading-title elementor-size-default\">Seguro de protecci\u00f3n de garant\u00edas (CPI)<\/h1>\t\t\t\t<\/div>\n\t\t\t\t<\/div>\n\t\t\t\t<div class=\"elementor-element elementor-element-0c1593a elementor-widget elementor-widget-text-editor\" data-id=\"0c1593a\" data-element_type=\"widget\" data-e-type=\"widget\" data-widget_type=\"text-editor.default\">\n\t\t\t\t<div class=\"elementor-widget-container\">\n\t\t\t\t\t\t\t\t\t<p>Si se han puesto en contacto con usted en relaci\u00f3n con su prueba de seguro actual, tenga en cuenta que no podemos aceptar una tarjeta de identificaci\u00f3n del seguro, ya que no contiene toda la informaci\u00f3n requerida. Para ayudarnos a procesar su seguro de manera oportuna, consulte los siguientes requisitos de seguro primario:<\/p>\t\t\t\t\t\t\t\t<\/div>\n\t\t\t\t<\/div>\n\t\t\t\t<div class=\"elementor-element elementor-element-b8c6d24 elementor-icon-list--layout-traditional elementor-list-item-link-full_width elementor-widget elementor-widget-icon-list\" data-id=\"b8c6d24\" data-element_type=\"widget\" data-e-type=\"widget\" data-widget_type=\"icon-list.default\">\n\t\t\t\t<div class=\"elementor-widget-container\">\n\t\t\t\t\t\t\t<ul class=\"elementor-icon-list-items\">\n\t\t\t\t\t\t\t<li class=\"elementor-icon-list-item\">\n\t\t\t\t\t\t\t\t\t\t\t<span class=\"elementor-icon-list-icon\">\n\t\t\t\t\t\t\t<i aria-hidden=\"true\" class=\"fas fa-check\"><\/i>\t\t\t\t\t\t<\/span>\n\t\t\t\t\t\t\t\t\t\t<span class=\"elementor-icon-list-text\">Cobertura de seguro continua sin interrupciones.<\/span>\n\t\t\t\t\t\t\t\t\t<\/li>\n\t\t\t\t\t\t\t\t<li class=\"elementor-icon-list-item\">\n\t\t\t\t\t\t\t\t\t\t\t<span class=\"elementor-icon-list-icon\">\n\t\t\t\t\t\t\t<i aria-hidden=\"true\" class=\"fas fa-check\"><\/i>\t\t\t\t\t\t<\/span>\n\t\t\t\t\t\t\t\t\t\t<span class=\"elementor-icon-list-text\">Mint Valley Federal Credit Union nombrado como titular del gravamen o beneficiario de la p\u00e9rdida con la compa\u00f1\u00eda de seguros.<\/span>\n\t\t\t\t\t\t\t\t\t<\/li>\n\t\t\t\t\t\t\t\t<li class=\"elementor-icon-list-item\">\n\t\t\t\t\t\t\t\t\t\t\t<span class=\"elementor-icon-list-icon\">\n\t\t\t\t\t\t\t<i aria-hidden=\"true\" class=\"fas fa-check\"><\/i>\t\t\t\t\t\t<\/span>\n\t\t\t\t\t\t\t\t\t\t<span class=\"elementor-icon-list-text\">Cobertura a todo riesgo y por colisi\u00f3n (o da\u00f1os f\u00edsicos) con franquicias iguales o inferiores a $500.<\/span>\n\t\t\t\t\t\t\t\t\t<\/li>\n\t\t\t\t\t\t<\/ul>\n\t\t\t\t\t\t<\/div>\n\t\t\t\t<\/div>\n\t\t\t\t\t<\/div>\n\t\t<\/div>\n\t\t\t\t<div class=\"elementor-column elementor-col-50 elementor-top-column elementor-element elementor-element-d44d68d\" data-id=\"d44d68d\" data-element_type=\"column\" data-e-type=\"column\">\n\t\t\t<div class=\"elementor-widget-wrap elementor-element-populated\">\n\t\t\t\t\t\t<div class=\"elementor-element elementor-element-792720a elementor-hidden-mobile elementor-widget elementor-widget-image\" data-id=\"792720a\" data-element_type=\"widget\" data-e-type=\"widget\" data-widget_type=\"image.default\">\n\t\t\t\t<div class=\"elementor-widget-container\">\n\t\t\t\t\t\t\t\t\t\t\t\t\t\t\t<img fetchpriority=\"high\" decoding=\"async\" width=\"800\" height=\"220\" src=\"https:\/\/mintvalleyfcu.org\/wp-content\/uploads\/2022\/02\/MintValleyFCU_Logo_White-1024x281.png\" class=\"attachment-large size-large wp-image-27\" alt=\"Logotipo de Mint Valley Federal Credit Union\" srcset=\"https:\/\/mintvalleyfcu.org\/wp-content\/uploads\/2022\/02\/MintValleyFCU_Logo_White-1024x281.png 1024w, https:\/\/mintvalleyfcu.org\/wp-content\/uploads\/2022\/02\/MintValleyFCU_Logo_White-300x82.png 300w, https:\/\/mintvalleyfcu.org\/wp-content\/uploads\/2022\/02\/MintValleyFCU_Logo_White-768x211.png 768w, https:\/\/mintvalleyfcu.org\/wp-content\/uploads\/2022\/02\/MintValleyFCU_Logo_White.png 1394w\" sizes=\"(max-width: 800px) 100vw, 800px\" \/>\t\t\t\t\t\t\t\t\t\t\t\t\t\t\t<\/div>\n\t\t\t\t<\/div>\n\t\t\t\t\t<\/div>\n\t\t<\/div>\n\t\t\t\t\t<\/div>\n\t\t<\/section>\n\t\t\t\t<section class=\"elementor-section elementor-top-section elementor-element elementor-element-9ec23d2 elementor-section-boxed elementor-section-height-default elementor-section-height-default\" data-id=\"9ec23d2\" data-element_type=\"section\" data-e-type=\"section\">\n\t\t\t\t\t\t<div class=\"elementor-container elementor-column-gap-default\">\n\t\t\t\t\t<div class=\"elementor-column elementor-col-100 elementor-top-column elementor-element elementor-element-0b1bc24\" data-id=\"0b1bc24\" data-element_type=\"column\" data-e-type=\"column\">\n\t\t\t<div class=\"elementor-widget-wrap elementor-element-populated\">\n\t\t\t\t\t\t<div class=\"elementor-element elementor-element-649d0df elementor-widget elementor-widget-heading\" data-id=\"649d0df\" data-element_type=\"widget\" data-e-type=\"widget\" data-widget_type=\"heading.default\">\n\t\t\t\t<div class=\"elementor-widget-container\">\n\t\t\t\t\t<h2 class=\"elementor-heading-title elementor-size-default\">Recordatorio sobre el seguro<\/h2>\t\t\t\t<\/div>\n\t\t\t\t<\/div>\n\t\t\t\t<div class=\"elementor-element elementor-element-aaf6673 elementor-widget elementor-widget-text-editor\" data-id=\"aaf6673\" data-element_type=\"widget\" data-e-type=\"widget\" data-widget_type=\"text-editor.default\">\n\t\t\t\t<div class=\"elementor-widget-container\">\n\t\t\t\t\t\t\t\t\t<p>Si no recibimos una prueba aceptable del seguro exigido, puede ser necesario proteger nuestros intereses adquiriendo un certificado de Seguro de Protecci\u00f3n Colateral (CPI) a su cargo. Tenga en cuenta que el CPI no sustituye al seguro est\u00e1ndar y, por lo general, conlleva primas m\u00e1s elevadas que el seguro que puede adquirir por su cuenta. El CPI est\u00e1 dise\u00f1ado para proteger \u00fanicamente nuestro inter\u00e9s en su garant\u00eda frente a reclamaciones presentadas por nosotros como acreedores por da\u00f1os f\u00edsicos o p\u00e9rdidas causadas por siniestros cubiertos a todo riesgo y colisi\u00f3n, y por lo tanto puede que no pague las reclamaciones que usted presente. <strong>Y lo que es m\u00e1s importante, no proporciona ninguna cobertura de responsabilidad civil por reclamaciones presentadas contra usted y no satisface ninguna ley obligatoria de seguro de responsabilidad civil o responsabilidad financiera de este o cualquier otro estado. Por estos motivos, le recomendamos que contrate su propio seguro.<\/strong><\/p>\t\t\t\t\t\t\t\t<\/div>\n\t\t\t\t<\/div>\n\t\t\t\t<div class=\"elementor-element elementor-element-0cd9ef2 elementor-widget elementor-widget-heading\" data-id=\"0cd9ef2\" data-element_type=\"widget\" data-e-type=\"widget\" data-widget_type=\"heading.default\">\n\t\t\t\t<div class=\"elementor-widget-container\">\n\t\t\t\t\t<h2 class=\"elementor-heading-title elementor-size-default\">Cargar en l\u00ednea:<\/h2>\t\t\t\t<\/div>\n\t\t\t\t<\/div>\n\t\t\t\t<div class=\"elementor-element elementor-element-498cc44 elementor-widget elementor-widget-text-editor\" data-id=\"498cc44\" data-element_type=\"widget\" data-e-type=\"widget\" data-widget_type=\"text-editor.default\">\n\t\t\t\t<div class=\"elementor-widget-container\">\n\t\t\t\t\t\t\t\t\t<a href=\"http:\/\/www.imcovered.com\/MVFCU\" target=\"_blank\" rel=\"noopener noreferrer\">www.imcovered.com\/MVFCU<\/a>\t\t\t\t\t\t\t\t<\/div>\n\t\t\t\t<\/div>\n\t\t\t\t<div class=\"elementor-element elementor-element-1899332 elementor-widget elementor-widget-heading\" data-id=\"1899332\" data-element_type=\"widget\" data-e-type=\"widget\" data-widget_type=\"heading.default\">\n\t\t\t\t<div class=\"elementor-widget-container\">\n\t\t\t\t\t<h2 class=\"elementor-heading-title elementor-size-default\">Correo:<\/h2>\t\t\t\t<\/div>\n\t\t\t\t<\/div>\n\t\t\t\t<div class=\"elementor-element elementor-element-f48ccc1 elementor-widget elementor-widget-text-editor\" data-id=\"f48ccc1\" data-element_type=\"widget\" data-e-type=\"widget\" data-widget_type=\"text-editor.default\">\n\t\t\t\t<div class=\"elementor-widget-container\">\n\t\t\t\t\t\t\t\t\t<div>Cooperativa de cr\u00e9dito Mint Valley<\/div><div>Apartado de correos 690101<\/div><div>San Antonio, TX 78269-0101<\/div>\t\t\t\t\t\t\t\t<\/div>\n\t\t\t\t<\/div>\n\t\t\t\t<div class=\"elementor-element elementor-element-696a093 elementor-widget elementor-widget-heading\" data-id=\"696a093\" data-element_type=\"widget\" data-e-type=\"widget\" data-widget_type=\"heading.default\">\n\t\t\t\t<div class=\"elementor-widget-container\">\n\t\t\t\t\t<h2 class=\"elementor-heading-title elementor-size-default\">Tel\u00e9fono:<\/h2>\t\t\t\t<\/div>\n\t\t\t\t<\/div>\n\t\t\t\t<div class=\"elementor-element elementor-element-95d7213 elementor-widget elementor-widget-text-editor\" data-id=\"95d7213\" data-element_type=\"widget\" data-e-type=\"widget\" data-widget_type=\"text-editor.default\">\n\t\t\t\t<div class=\"elementor-widget-container\">\n\t\t\t\t\t\t\t\t\t<p>TFN:\u00a0 <a href=\"tel:18334235435\">1-833-423-5435<\/a><\/p>\t\t\t\t\t\t\t\t<\/div>\n\t\t\t\t<\/div>\n\t\t\t\t<div class=\"elementor-element elementor-element-5a6403e elementor-widget elementor-widget-heading\" data-id=\"5a6403e\" data-element_type=\"widget\" data-e-type=\"widget\" data-widget_type=\"heading.default\">\n\t\t\t\t<div class=\"elementor-widget-container\">\n\t\t\t\t\t<h2 class=\"elementor-heading-title elementor-size-default\">Fax:<\/h2>\t\t\t\t<\/div>\n\t\t\t\t<\/div>\n\t\t\t\t<div class=\"elementor-element elementor-element-93385f4 elementor-widget elementor-widget-text-editor\" data-id=\"93385f4\" data-element_type=\"widget\" data-e-type=\"widget\" data-widget_type=\"text-editor.default\">\n\t\t\t\t<div class=\"elementor-widget-container\">\n\t\t\t\t\t\t\t\t\t<p><a href=\"tel:+18664227915\">1-866-422-7915<\/a><\/p>\t\t\t\t\t\t\t\t<\/div>\n\t\t\t\t<\/div>\n\t\t\t\t<div class=\"elementor-element elementor-element-d8dc4bd elementor-widget elementor-widget-heading\" data-id=\"d8dc4bd\" data-element_type=\"widget\" data-e-type=\"widget\" data-widget_type=\"heading.default\">\n\t\t\t\t<div class=\"elementor-widget-container\">\n\t\t\t\t\t<h2 class=\"elementor-heading-title elementor-size-default\">Correo electr\u00f3nico:<\/h2>\t\t\t\t<\/div>\n\t\t\t\t<\/div>\n\t\t\t\t<div class=\"elementor-element elementor-element-93fb6a4 elementor-widget elementor-widget-text-editor\" data-id=\"93fb6a4\" data-element_type=\"widget\" data-e-type=\"widget\" data-widget_type=\"text-editor.default\">\n\t\t\t\t<div class=\"elementor-widget-container\">\n\t\t\t\t\t\t\t\t\t<p><a href=\"mailto:MVFCU@imcovered.com\" target=\"_blank\" rel=\"noopener noreferrer\">MVFCU@imcovered.com<\/a><\/p>\t\t\t\t\t\t\t\t<\/div>\n\t\t\t\t<\/div>\n\t\t\t\t\t<\/div>\n\t\t<\/div>\n\t\t\t\t\t<\/div>\n\t\t<\/section>\n\t\t\t\t<\/div>","protected":false},"excerpt":{"rendered":"<p>Collateral Protection Insurance (CPI) If you were contacted regarding your current proof of insurance, please note we are unable to accept an insurance ID card, as it does not contain all the required information. To help us process your insurance in a timely manner, please refer to the following primary insurance requirements: Continuous insurance coverage [&hellip;]<\/p>\n","protected":false},"author":8,"featured_media":0,"parent":0,"menu_order":0,"comment_status":"closed","ping_status":"closed","template":"elementor_header_footer","meta":{"_acf_changed":false,"content-type":"","footnotes":""},"categories":[],"tags":[],"class_list":["post-1095","page","type-page","status-publish","hentry"],"acf":[],"yoast_head":"<!-- This site is optimized with the Yoast SEO plugin v27.4 - https:\/\/yoast.com\/product\/yoast-seo-wordpress\/ -->\n<title>Proof of Insurance - Mint Valley Federal Credit Union<\/title>\n<meta name=\"robots\" content=\"index, follow, max-snippet:-1, max-image-preview:large, max-video-preview:-1\" \/>\n<link rel=\"canonical\" href=\"https:\/\/mintvalleyfcu.org\/es\/prueba-de-seguro\/\" \/>\n<meta property=\"og:locale\" content=\"es_ES\" \/>\n<meta property=\"og:type\" content=\"article\" \/>\n<meta property=\"og:title\" content=\"Proof of Insurance - Mint Valley Federal Credit Union\" \/>\n<meta property=\"og:description\" content=\"Collateral Protection Insurance (CPI) If you were contacted regarding your current proof of insurance, please note we are unable to accept an insurance ID card, as it does not contain all the required information. To help us process your insurance in a timely manner, please refer to the following primary insurance requirements: Continuous insurance coverage [&hellip;]\" \/>\n<meta property=\"og:url\" content=\"https:\/\/mintvalleyfcu.org\/es\/prueba-de-seguro\/\" \/>\n<meta property=\"og:site_name\" content=\"Mint Valley Federal Credit Union\" \/>\n<meta property=\"article:modified_time\" content=\"2024-12-04T13:03:25+00:00\" \/>\n<meta property=\"og:image\" content=\"https:\/\/mintvalleyfcu.org\/wp-content\/uploads\/2022\/02\/MintValleyFCU_Logo_White-1024x281.png\" \/>\n<meta name=\"twitter:card\" content=\"summary_large_image\" \/>\n<meta name=\"twitter:label1\" content=\"Est. reading time\" \/>\n\t<meta name=\"twitter:data1\" content=\"1 minuto\" \/>\n<script type=\"application\/ld+json\" class=\"yoast-schema-graph\">{\"@context\":\"https:\\\/\\\/schema.org\",\"@graph\":[{\"@type\":\"WebPage\",\"@id\":\"https:\\\/\\\/mintvalleyfcu.org\\\/proof-of-insurance\\\/\",\"url\":\"https:\\\/\\\/mintvalleyfcu.org\\\/proof-of-insurance\\\/\",\"name\":\"Proof of Insurance - Mint Valley Federal Credit Union\",\"isPartOf\":{\"@id\":\"https:\\\/\\\/mintvalleyfcu.org\\\/#website\"},\"primaryImageOfPage\":{\"@id\":\"https:\\\/\\\/mintvalleyfcu.org\\\/proof-of-insurance\\\/#primaryimage\"},\"image\":{\"@id\":\"https:\\\/\\\/mintvalleyfcu.org\\\/proof-of-insurance\\\/#primaryimage\"},\"thumbnailUrl\":\"https:\\\/\\\/mintvalleyfcu.org\\\/wp-content\\\/uploads\\\/2022\\\/02\\\/MintValleyFCU_Logo_White-1024x281.png\",\"datePublished\":\"2024-12-02T13:33:48+00:00\",\"dateModified\":\"2024-12-04T13:03:25+00:00\",\"breadcrumb\":{\"@id\":\"https:\\\/\\\/mintvalleyfcu.org\\\/proof-of-insurance\\\/#breadcrumb\"},\"inLanguage\":\"es\",\"potentialAction\":[{\"@type\":\"ReadAction\",\"target\":[\"https:\\\/\\\/mintvalleyfcu.org\\\/proof-of-insurance\\\/\"]}]},{\"@type\":\"ImageObject\",\"inLanguage\":\"es\",\"@id\":\"https:\\\/\\\/mintvalleyfcu.org\\\/proof-of-insurance\\\/#primaryimage\",\"url\":\"https:\\\/\\\/mintvalleyfcu.org\\\/wp-content\\\/uploads\\\/2022\\\/02\\\/MintValleyFCU_Logo_White-1024x281.png\",\"contentUrl\":\"https:\\\/\\\/mintvalleyfcu.org\\\/wp-content\\\/uploads\\\/2022\\\/02\\\/MintValleyFCU_Logo_White-1024x281.png\"},{\"@type\":\"BreadcrumbList\",\"@id\":\"https:\\\/\\\/mintvalleyfcu.org\\\/proof-of-insurance\\\/#breadcrumb\",\"itemListElement\":[{\"@type\":\"ListItem\",\"position\":1,\"name\":\"Home\",\"item\":\"https:\\\/\\\/mintvalleyfcu.org\\\/\"},{\"@type\":\"ListItem\",\"position\":2,\"name\":\"Proof of Insurance\"}]},{\"@type\":\"WebSite\",\"@id\":\"https:\\\/\\\/mintvalleyfcu.org\\\/#website\",\"url\":\"https:\\\/\\\/mintvalleyfcu.org\\\/\",\"name\":\"Mint Valley Federal Credit Union\",\"description\":\"If you\u2019re looking for a credit union that treats you more like family than just another customer, Mint Valley Federal Credit Union is the place for you.\",\"publisher\":{\"@id\":\"https:\\\/\\\/mintvalleyfcu.org\\\/#organization\"},\"potentialAction\":[{\"@type\":\"SearchAction\",\"target\":{\"@type\":\"EntryPoint\",\"urlTemplate\":\"https:\\\/\\\/mintvalleyfcu.org\\\/?s={search_term_string}\"},\"query-input\":{\"@type\":\"PropertyValueSpecification\",\"valueRequired\":true,\"valueName\":\"search_term_string\"}}],\"inLanguage\":\"es\"},{\"@type\":\"Organization\",\"@id\":\"https:\\\/\\\/mintvalleyfcu.org\\\/#organization\",\"name\":\"Mint Valley Federal Credit Union\",\"url\":\"https:\\\/\\\/mintvalleyfcu.org\\\/\",\"logo\":{\"@type\":\"ImageObject\",\"inLanguage\":\"es\",\"@id\":\"https:\\\/\\\/mintvalleyfcu.org\\\/#\\\/schema\\\/logo\\\/image\\\/\",\"url\":\"https:\\\/\\\/mintvalleyfcu.org\\\/wp-content\\\/uploads\\\/2022\\\/02\\\/MintValley_logo_horizontal_90th_White-scaled.png\",\"contentUrl\":\"https:\\\/\\\/mintvalleyfcu.org\\\/wp-content\\\/uploads\\\/2022\\\/02\\\/MintValley_logo_horizontal_90th_White-scaled.png\",\"width\":2560,\"height\":1047,\"caption\":\"Mint Valley Federal Credit Union\"},\"image\":{\"@id\":\"https:\\\/\\\/mintvalleyfcu.org\\\/#\\\/schema\\\/logo\\\/image\\\/\"}}]}<\/script>\n<!-- \/ Yoast SEO plugin. -->","yoast_head_json":{"title":"Prueba de seguro - Mint Valley Federal Credit Union","robots":{"index":"index","follow":"follow","max-snippet":"max-snippet:-1","max-image-preview":"max-image-preview:large","max-video-preview":"max-video-preview:-1"},"canonical":"https:\/\/mintvalleyfcu.org\/es\/prueba-de-seguro\/","og_locale":"es_ES","og_type":"article","og_title":"Proof of Insurance - Mint Valley Federal Credit Union","og_description":"Collateral Protection Insurance (CPI) If you were contacted regarding your current proof of insurance, please note we are unable to accept an insurance ID card, as it does not contain all the required information. To help us process your insurance in a timely manner, please refer to the following primary insurance requirements: Continuous insurance coverage [&hellip;]","og_url":"https:\/\/mintvalleyfcu.org\/es\/prueba-de-seguro\/","og_site_name":"Mint Valley Federal Credit Union","article_modified_time":"2024-12-04T13:03:25+00:00","og_image":[{"url":"https:\/\/mintvalleyfcu.org\/wp-content\/uploads\/2022\/02\/MintValleyFCU_Logo_White-1024x281.png","type":"","width":"","height":""}],"twitter_card":"summary_large_image","twitter_misc":{"Est. reading time":"1 minuto"},"schema":{"@context":"https:\/\/schema.org","@graph":[{"@type":"WebPage","@id":"https:\/\/mintvalleyfcu.org\/proof-of-insurance\/","url":"https:\/\/mintvalleyfcu.org\/proof-of-insurance\/","name":"Prueba de seguro - Mint Valley Federal Credit Union","isPartOf":{"@id":"https:\/\/mintvalleyfcu.org\/#website"},"primaryImageOfPage":{"@id":"https:\/\/mintvalleyfcu.org\/proof-of-insurance\/#primaryimage"},"image":{"@id":"https:\/\/mintvalleyfcu.org\/proof-of-insurance\/#primaryimage"},"thumbnailUrl":"https:\/\/mintvalleyfcu.org\/wp-content\/uploads\/2022\/02\/MintValleyFCU_Logo_White-1024x281.png","datePublished":"2024-12-02T13:33:48+00:00","dateModified":"2024-12-04T13:03:25+00:00","breadcrumb":{"@id":"https:\/\/mintvalleyfcu.org\/proof-of-insurance\/#breadcrumb"},"inLanguage":"es","potentialAction":[{"@type":"ReadAction","target":["https:\/\/mintvalleyfcu.org\/proof-of-insurance\/"]}]},{"@type":"ImageObject","inLanguage":"es","@id":"https:\/\/mintvalleyfcu.org\/proof-of-insurance\/#primaryimage","url":"https:\/\/mintvalleyfcu.org\/wp-content\/uploads\/2022\/02\/MintValleyFCU_Logo_White-1024x281.png","contentUrl":"https:\/\/mintvalleyfcu.org\/wp-content\/uploads\/2022\/02\/MintValleyFCU_Logo_White-1024x281.png"},{"@type":"BreadcrumbList","@id":"https:\/\/mintvalleyfcu.org\/proof-of-insurance\/#breadcrumb","itemListElement":[{"@type":"ListItem","position":1,"name":"Home","item":"https:\/\/mintvalleyfcu.org\/"},{"@type":"ListItem","position":2,"name":"Proof of Insurance"}]},{"@type":"WebSite","@id":"https:\/\/mintvalleyfcu.org\/#website","url":"https:\/\/mintvalleyfcu.org\/","name":"Mint Valley Federal Credit Union","description":"Si est\u00e1 buscando una cooperativa de cr\u00e9dito que lo trate m\u00e1s como familia que como un cliente m\u00e1s, Mint Valley Federal Credit Union es el lugar para usted.","publisher":{"@id":"https:\/\/mintvalleyfcu.org\/#organization"},"potentialAction":[{"@type":"SearchAction","target":{"@type":"EntryPoint","urlTemplate":"https:\/\/mintvalleyfcu.org\/?s={search_term_string}"},"query-input":{"@type":"PropertyValueSpecification","valueRequired":true,"valueName":"search_term_string"}}],"inLanguage":"es"},{"@type":"Organization","@id":"https:\/\/mintvalleyfcu.org\/#organization","name":"Mint Valley Federal Credit Union","url":"https:\/\/mintvalleyfcu.org\/","logo":{"@type":"ImageObject","inLanguage":"es","@id":"https:\/\/mintvalleyfcu.org\/#\/schema\/logo\/image\/","url":"https:\/\/mintvalleyfcu.org\/wp-content\/uploads\/2022\/02\/MintValley_logo_horizontal_90th_White-scaled.png","contentUrl":"https:\/\/mintvalleyfcu.org\/wp-content\/uploads\/2022\/02\/MintValley_logo_horizontal_90th_White-scaled.png","width":2560,"height":1047,"caption":"Mint Valley Federal Credit Union"},"image":{"@id":"https:\/\/mintvalleyfcu.org\/#\/schema\/logo\/image\/"}}]}},"featured_image_src":null,"featured_image_src_square":null,"_links":{"self":[{"href":"https:\/\/mintvalleyfcu.org\/es\/wp-json\/wp\/v2\/pages\/1095","targetHints":{"allow":["GET"]}}],"collection":[{"href":"https:\/\/mintvalleyfcu.org\/es\/wp-json\/wp\/v2\/pages"}],"about":[{"href":"https:\/\/mintvalleyfcu.org\/es\/wp-json\/wp\/v2\/types\/page"}],"author":[{"embeddable":true,"href":"https:\/\/mintvalleyfcu.org\/es\/wp-json\/wp\/v2\/users\/8"}],"replies":[{"embeddable":true,"href":"https:\/\/mintvalleyfcu.org\/es\/wp-json\/wp\/v2\/comments?post=1095"}],"version-history":[{"count":0,"href":"https:\/\/mintvalleyfcu.org\/es\/wp-json\/wp\/v2\/pages\/1095\/revisions"}],"wp:attachment":[{"href":"https:\/\/mintvalleyfcu.org\/es\/wp-json\/wp\/v2\/media?parent=1095"}],"wp:term":[{"taxonomy":"category","embeddable":true,"href":"https:\/\/mintvalleyfcu.org\/es\/wp-json\/wp\/v2\/categories?post=1095"},{"taxonomy":"post_tag","embeddable":true,"href":"https:\/\/mintvalleyfcu.org\/es\/wp-json\/wp\/v2\/tags?post=1095"}],"curies":[{"name":"wp","href":"https:\/\/api.w.org\/{rel}","templated":true}]}}