{"id":1105,"date":"2025-01-14T13:59:41","date_gmt":"2025-01-14T13:59:41","guid":{"rendered":"https:\/\/mintvalleyfcu.org\/?page_id=1105"},"modified":"2025-01-14T13:59:44","modified_gmt":"2025-01-14T13:59:44","slug":"auto-loan-refinance-2025","status":"publish","type":"page","link":"https:\/\/mintvalleyfcu.org\/es\/auto-loan-refinance-2025\/","title":{"rendered":"Refinanciaci\u00f3n de pr\u00e9stamos para autom\u00f3viles"},"content":{"rendered":"<div data-elementor-type=\"wp-page\" data-elementor-id=\"1105\" class=\"elementor elementor-1105\" data-elementor-post-type=\"page\">\n\t\t\t\t\t\t<section class=\"elementor-section elementor-top-section elementor-element elementor-element-3af46ec elementor-section-boxed elementor-section-height-default elementor-section-height-default\" data-id=\"3af46ec\" data-element_type=\"section\" data-e-type=\"section\">\n\t\t\t\t\t\t<div class=\"elementor-container elementor-column-gap-default\">\n\t\t\t\t\t<div class=\"elementor-column elementor-col-100 elementor-top-column elementor-element elementor-element-2093ca22\" data-id=\"2093ca22\" data-element_type=\"column\" data-e-type=\"column\">\n\t\t\t<div class=\"elementor-widget-wrap elementor-element-populated\">\n\t\t\t\t\t\t<div class=\"elementor-element elementor-element-42054b31 elementor-widget elementor-widget-text-editor\" data-id=\"42054b31\" data-element_type=\"widget\" data-e-type=\"widget\" data-widget_type=\"text-editor.default\">\n\t\t\t\t<div class=\"elementor-widget-container\">\n\t\t\t\t\t\t\t\t\t\n<h3><b>Dale la vuelta a las cosas y ahorra hasta 2,00% TAE<\/b><span style=\"font-weight: 400;\">*<\/span><\/h3>\n<p><span style=\"font-weight: 400;\">Nadie es perfecto, y lo que parece ser una gran oferta en su coche o cami\u00f3n puede llegar a ser m\u00e1s de lo que esperaba. La buena noticia es que siempre puedes cambiar las cosas en Mint Valley.<\/span><\/p>\n<p><span style=\"font-weight: 400;\">Ahora, cuando refinancia con Mint Valley, puede <\/span><b>reduce el tipo de inter\u00e9s de tu coche hasta un 2,00% TAE<\/b><span style=\"font-weight: 400;\">!<\/span><span style=\"font-weight: 400;\">*<\/span><\/p>\n<p><span style=\"font-weight: 400;\">Da el primer paso para cambiar las cosas. P\u00e1sate por nuestra oficina y habla con una persona de carne y hueso.<\/span><\/p>\n\t\t\t\t\t\t\t\t<\/div>\n\t\t\t\t<\/div>\n\t\t\t\t\t<\/div>\n\t\t<\/div>\n\t\t\t\t\t<\/div>\n\t\t<\/section>\n\t\t\t\t<section class=\"elementor-section elementor-top-section elementor-element elementor-element-2f23f11 elementor-section-boxed elementor-section-height-default elementor-section-height-default\" data-id=\"2f23f11\" data-element_type=\"section\" data-e-type=\"section\">\n\t\t\t\t\t\t<div class=\"elementor-container elementor-column-gap-default\">\n\t\t\t\t\t<div class=\"elementor-column elementor-col-50 elementor-top-column elementor-element elementor-element-4444a54\" data-id=\"4444a54\" data-element_type=\"column\" data-e-type=\"column\">\n\t\t\t<div class=\"elementor-widget-wrap elementor-element-populated\">\n\t\t\t\t\t\t<div class=\"elementor-element elementor-element-2cd0243 elementor-align-center elementor-widget elementor-widget-button\" data-id=\"2cd0243\" data-element_type=\"widget\" data-e-type=\"widget\" data-widget_type=\"button.default\">\n\t\t\t\t<div class=\"elementor-widget-container\">\n\t\t\t\t\t\t\t\t\t<div class=\"elementor-button-wrapper\">\n\t\t\t\t\t<a class=\"elementor-button elementor-button-link elementor-size-md\" href=\"https:\/\/form.jotform.com\/240236246021140\">\n\t\t\t\t\t\t<span class=\"elementor-button-content-wrapper\">\n\t\t\t\t\t\t\t\t\t<span class=\"elementor-button-text\">Solicitar ahora<\/span>\n\t\t\t\t\t<\/span>\n\t\t\t\t\t<\/a>\n\t\t\t\t<\/div>\n\t\t\t\t\t\t\t\t<\/div>\n\t\t\t\t<\/div>\n\t\t\t\t\t<\/div>\n\t\t<\/div>\n\t\t\t\t<div class=\"elementor-column elementor-col-50 elementor-top-column elementor-element elementor-element-ef18456\" data-id=\"ef18456\" data-element_type=\"column\" data-e-type=\"column\">\n\t\t\t<div class=\"elementor-widget-wrap elementor-element-populated\">\n\t\t\t\t\t\t<div class=\"elementor-element elementor-element-8de300d elementor-align-center elementor-widget elementor-widget-button\" data-id=\"8de300d\" data-element_type=\"widget\" data-e-type=\"widget\" data-widget_type=\"button.default\">\n\t\t\t\t<div class=\"elementor-widget-container\">\n\t\t\t\t\t\t\t\t\t<div class=\"elementor-button-wrapper\">\n\t\t\t\t\t<a class=\"elementor-button elementor-button-link elementor-size-md\" href=\"https:\/\/mintvalleyfcu.org\/es\/contacto\/\">\n\t\t\t\t\t\t<span class=\"elementor-button-content-wrapper\">\n\t\t\t\t\t\t\t\t\t<span class=\"elementor-button-text\">Contacte con nosotros<\/span>\n\t\t\t\t\t<\/span>\n\t\t\t\t\t<\/a>\n\t\t\t\t<\/div>\n\t\t\t\t\t\t\t\t<\/div>\n\t\t\t\t<\/div>\n\t\t\t\t\t<\/div>\n\t\t<\/div>\n\t\t\t\t\t<\/div>\n\t\t<\/section>\n\t\t\t\t<section class=\"elementor-section elementor-top-section elementor-element elementor-element-e35c41e elementor-section-boxed elementor-section-height-default elementor-section-height-default\" data-id=\"e35c41e\" data-element_type=\"section\" data-e-type=\"section\">\n\t\t\t\t\t\t<div class=\"elementor-container elementor-column-gap-default\">\n\t\t\t\t\t<div class=\"elementor-column elementor-col-100 elementor-top-column elementor-element elementor-element-602c86f\" data-id=\"602c86f\" data-element_type=\"column\" data-e-type=\"column\">\n\t\t\t<div class=\"elementor-widget-wrap elementor-element-populated\">\n\t\t\t\t\t\t<div class=\"elementor-element elementor-element-f014410 elementor-widget elementor-widget-text-editor\" data-id=\"f014410\" data-element_type=\"widget\" data-e-type=\"widget\" data-widget_type=\"text-editor.default\">\n\t\t\t\t<div class=\"elementor-widget-container\">\n\t\t\t\t\t\t\t\t\t<p><em style=\"font-size:14px;\"><span style=\"font-weight: 400;\">*TAE = Tasa Anual Equivalente. La tasa aprobada ser\u00e1 de hasta 2.00% APR menos que la tasa de pr\u00e9stamo externo actual del miembro. La nueva tasa no puede ser inferior a la tasa m\u00ednima de Mint Valley Federal Credit Union. Los miembros deben cumplir con los criterios de calificaci\u00f3n del pr\u00e9stamo. Todos los pr\u00e9stamos de auto est\u00e1n sujetos a aprobaci\u00f3n de cr\u00e9dito. Los pr\u00e9stamos financiados a trav\u00e9s del concesionario o fabricante a 0.00% no son elegibles. Mint Valley Federal Credit Union se reserva el derecho de extender, alterar o cancelar esta promoci\u00f3n en cualquier momento. Se requiere prueba de tasa externa actual. Consulte a la cooperativa de cr\u00e9dito para obtener m\u00e1s detalles. Asegurado federalmente por NCUA.<\/span><\/em><\/p>\t\t\t\t\t\t\t\t<\/div>\n\t\t\t\t<\/div>\n\t\t\t\t\t<\/div>\n\t\t<\/div>\n\t\t\t\t\t<\/div>\n\t\t<\/section>\n\t\t\t\t<\/div>","protected":false},"excerpt":{"rendered":"<p>Turn Things around &amp; Save up to 2.00% APR* Nobody\u2019s perfect, and what seems like a great deal on your car or truck can turn out to be more than you bargained for. The good news is you can always turn things around at Mint Valley. Now, when you refinance with Mint Valley, you can [&hellip;]<\/p>\n","protected":false},"author":8,"featured_media":1106,"parent":0,"menu_order":0,"comment_status":"closed","ping_status":"closed","template":"","meta":{"_acf_changed":false,"content-type":"","footnotes":""},"categories":[12],"tags":[],"class_list":["post-1105","page","type-page","status-publish","has-post-thumbnail","hentry","category-promo"],"acf":[],"yoast_head":"<!-- This site is optimized with the Yoast SEO plugin v27.4 - https:\/\/yoast.com\/product\/yoast-seo-wordpress\/ -->\n<title>Auto Loan Refinance - Mint Valley Federal Credit Union<\/title>\n<meta name=\"robots\" content=\"index, follow, max-snippet:-1, max-image-preview:large, max-video-preview:-1\" \/>\n<link rel=\"canonical\" href=\"https:\/\/mintvalleyfcu.org\/es\/auto-loan-refinance-2025\/\" \/>\n<meta property=\"og:locale\" content=\"es_ES\" \/>\n<meta property=\"og:type\" content=\"article\" \/>\n<meta property=\"og:title\" content=\"Auto Loan Refinance - Mint Valley Federal Credit Union\" \/>\n<meta property=\"og:description\" content=\"Turn Things around &amp; Save up to 2.00% APR* Nobody\u2019s perfect, and what seems like a great deal on your car or truck can turn out to be more than you bargained for. The good news is you can always turn things around at Mint Valley. Now, when you refinance with Mint Valley, you can [&hellip;]\" \/>\n<meta property=\"og:url\" content=\"https:\/\/mintvalleyfcu.org\/es\/auto-loan-refinance-2025\/\" \/>\n<meta property=\"og:site_name\" content=\"Mint Valley Federal Credit Union\" \/>\n<meta property=\"article:modified_time\" content=\"2025-01-14T13:59:44+00:00\" \/>\n<meta property=\"og:image\" content=\"https:\/\/mintvalleyfcu.org\/wp-content\/uploads\/2025\/01\/010225_MINT_AutoLoan_Digital_HP-LP.jpg\" \/>\n\t<meta property=\"og:image:width\" content=\"1080\" \/>\n\t<meta property=\"og:image:height\" content=\"1080\" \/>\n\t<meta property=\"og:image:type\" content=\"image\/jpeg\" \/>\n<meta name=\"twitter:card\" content=\"summary_large_image\" \/>\n<meta name=\"twitter:label1\" content=\"Est. reading time\" \/>\n\t<meta name=\"twitter:data1\" content=\"1 minuto\" \/>\n<script type=\"application\/ld+json\" class=\"yoast-schema-graph\">{\"@context\":\"https:\\\/\\\/schema.org\",\"@graph\":[{\"@type\":\"WebPage\",\"@id\":\"https:\\\/\\\/mintvalleyfcu.org\\\/auto-loan-refinance-2025\\\/\",\"url\":\"https:\\\/\\\/mintvalleyfcu.org\\\/auto-loan-refinance-2025\\\/\",\"name\":\"Auto Loan Refinance - Mint Valley Federal Credit Union\",\"isPartOf\":{\"@id\":\"https:\\\/\\\/mintvalleyfcu.org\\\/#website\"},\"primaryImageOfPage\":{\"@id\":\"https:\\\/\\\/mintvalleyfcu.org\\\/auto-loan-refinance-2025\\\/#primaryimage\"},\"image\":{\"@id\":\"https:\\\/\\\/mintvalleyfcu.org\\\/auto-loan-refinance-2025\\\/#primaryimage\"},\"thumbnailUrl\":\"https:\\\/\\\/mintvalleyfcu.org\\\/wp-content\\\/uploads\\\/2025\\\/01\\\/010225_MINT_AutoLoan_Digital_HP-LP.jpg\",\"datePublished\":\"2025-01-14T13:59:41+00:00\",\"dateModified\":\"2025-01-14T13:59:44+00:00\",\"breadcrumb\":{\"@id\":\"https:\\\/\\\/mintvalleyfcu.org\\\/auto-loan-refinance-2025\\\/#breadcrumb\"},\"inLanguage\":\"es\",\"potentialAction\":[{\"@type\":\"ReadAction\",\"target\":[\"https:\\\/\\\/mintvalleyfcu.org\\\/auto-loan-refinance-2025\\\/\"]}]},{\"@type\":\"ImageObject\",\"inLanguage\":\"es\",\"@id\":\"https:\\\/\\\/mintvalleyfcu.org\\\/auto-loan-refinance-2025\\\/#primaryimage\",\"url\":\"https:\\\/\\\/mintvalleyfcu.org\\\/wp-content\\\/uploads\\\/2025\\\/01\\\/010225_MINT_AutoLoan_Digital_HP-LP.jpg\",\"contentUrl\":\"https:\\\/\\\/mintvalleyfcu.org\\\/wp-content\\\/uploads\\\/2025\\\/01\\\/010225_MINT_AutoLoan_Digital_HP-LP.jpg\",\"width\":1080,\"height\":1080,\"caption\":\"Person driving car on highway getting closer to a sign with Mint Valley FCU logo\"},{\"@type\":\"BreadcrumbList\",\"@id\":\"https:\\\/\\\/mintvalleyfcu.org\\\/auto-loan-refinance-2025\\\/#breadcrumb\",\"itemListElement\":[{\"@type\":\"ListItem\",\"position\":1,\"name\":\"Home\",\"item\":\"https:\\\/\\\/mintvalleyfcu.org\\\/\"},{\"@type\":\"ListItem\",\"position\":2,\"name\":\"Auto Loan Refinance\"}]},{\"@type\":\"WebSite\",\"@id\":\"https:\\\/\\\/mintvalleyfcu.org\\\/#website\",\"url\":\"https:\\\/\\\/mintvalleyfcu.org\\\/\",\"name\":\"Mint Valley Federal Credit Union\",\"description\":\"If you\u2019re looking for a credit union that treats you more like family than just another customer, Mint Valley Federal Credit Union is the place for you.\",\"publisher\":{\"@id\":\"https:\\\/\\\/mintvalleyfcu.org\\\/#organization\"},\"potentialAction\":[{\"@type\":\"SearchAction\",\"target\":{\"@type\":\"EntryPoint\",\"urlTemplate\":\"https:\\\/\\\/mintvalleyfcu.org\\\/?s={search_term_string}\"},\"query-input\":{\"@type\":\"PropertyValueSpecification\",\"valueRequired\":true,\"valueName\":\"search_term_string\"}}],\"inLanguage\":\"es\"},{\"@type\":\"Organization\",\"@id\":\"https:\\\/\\\/mintvalleyfcu.org\\\/#organization\",\"name\":\"Mint Valley Federal Credit Union\",\"url\":\"https:\\\/\\\/mintvalleyfcu.org\\\/\",\"logo\":{\"@type\":\"ImageObject\",\"inLanguage\":\"es\",\"@id\":\"https:\\\/\\\/mintvalleyfcu.org\\\/#\\\/schema\\\/logo\\\/image\\\/\",\"url\":\"https:\\\/\\\/mintvalleyfcu.org\\\/wp-content\\\/uploads\\\/2022\\\/02\\\/MintValley_logo_horizontal_90th_White-scaled.png\",\"contentUrl\":\"https:\\\/\\\/mintvalleyfcu.org\\\/wp-content\\\/uploads\\\/2022\\\/02\\\/MintValley_logo_horizontal_90th_White-scaled.png\",\"width\":2560,\"height\":1047,\"caption\":\"Mint Valley Federal Credit Union\"},\"image\":{\"@id\":\"https:\\\/\\\/mintvalleyfcu.org\\\/#\\\/schema\\\/logo\\\/image\\\/\"}}]}<\/script>\n<!-- \/ Yoast SEO plugin. -->","yoast_head_json":{"title":"Refinanciaci\u00f3n de pr\u00e9stamos para autom\u00f3viles - Mint Valley Federal Credit Union","robots":{"index":"index","follow":"follow","max-snippet":"max-snippet:-1","max-image-preview":"max-image-preview:large","max-video-preview":"max-video-preview:-1"},"canonical":"https:\/\/mintvalleyfcu.org\/es\/auto-loan-refinance-2025\/","og_locale":"es_ES","og_type":"article","og_title":"Auto Loan Refinance - Mint Valley Federal Credit Union","og_description":"Turn Things around &amp; Save up to 2.00% APR* Nobody\u2019s perfect, and what seems like a great deal on your car or truck can turn out to be more than you bargained for. The good news is you can always turn things around at Mint Valley. Now, when you refinance with Mint Valley, you can [&hellip;]","og_url":"https:\/\/mintvalleyfcu.org\/es\/auto-loan-refinance-2025\/","og_site_name":"Mint Valley Federal Credit Union","article_modified_time":"2025-01-14T13:59:44+00:00","og_image":[{"width":1080,"height":1080,"url":"https:\/\/mintvalleyfcu.org\/wp-content\/uploads\/2025\/01\/010225_MINT_AutoLoan_Digital_HP-LP.jpg","type":"image\/jpeg"}],"twitter_card":"summary_large_image","twitter_misc":{"Est. reading time":"1 minuto"},"schema":{"@context":"https:\/\/schema.org","@graph":[{"@type":"WebPage","@id":"https:\/\/mintvalleyfcu.org\/auto-loan-refinance-2025\/","url":"https:\/\/mintvalleyfcu.org\/auto-loan-refinance-2025\/","name":"Refinanciaci\u00f3n de pr\u00e9stamos para autom\u00f3viles - Mint Valley Federal Credit Union","isPartOf":{"@id":"https:\/\/mintvalleyfcu.org\/#website"},"primaryImageOfPage":{"@id":"https:\/\/mintvalleyfcu.org\/auto-loan-refinance-2025\/#primaryimage"},"image":{"@id":"https:\/\/mintvalleyfcu.org\/auto-loan-refinance-2025\/#primaryimage"},"thumbnailUrl":"https:\/\/mintvalleyfcu.org\/wp-content\/uploads\/2025\/01\/010225_MINT_AutoLoan_Digital_HP-LP.jpg","datePublished":"2025-01-14T13:59:41+00:00","dateModified":"2025-01-14T13:59:44+00:00","breadcrumb":{"@id":"https:\/\/mintvalleyfcu.org\/auto-loan-refinance-2025\/#breadcrumb"},"inLanguage":"es","potentialAction":[{"@type":"ReadAction","target":["https:\/\/mintvalleyfcu.org\/auto-loan-refinance-2025\/"]}]},{"@type":"ImageObject","inLanguage":"es","@id":"https:\/\/mintvalleyfcu.org\/auto-loan-refinance-2025\/#primaryimage","url":"https:\/\/mintvalleyfcu.org\/wp-content\/uploads\/2025\/01\/010225_MINT_AutoLoan_Digital_HP-LP.jpg","contentUrl":"https:\/\/mintvalleyfcu.org\/wp-content\/uploads\/2025\/01\/010225_MINT_AutoLoan_Digital_HP-LP.jpg","width":1080,"height":1080,"caption":"Person driving car on highway getting closer to a sign with Mint Valley FCU logo"},{"@type":"BreadcrumbList","@id":"https:\/\/mintvalleyfcu.org\/auto-loan-refinance-2025\/#breadcrumb","itemListElement":[{"@type":"ListItem","position":1,"name":"Home","item":"https:\/\/mintvalleyfcu.org\/"},{"@type":"ListItem","position":2,"name":"Auto Loan Refinance"}]},{"@type":"WebSite","@id":"https:\/\/mintvalleyfcu.org\/#website","url":"https:\/\/mintvalleyfcu.org\/","name":"Mint Valley Federal Credit Union","description":"Si est\u00e1 buscando una cooperativa de cr\u00e9dito que lo trate m\u00e1s como familia que como un cliente m\u00e1s, Mint Valley Federal Credit Union es el lugar para usted.","publisher":{"@id":"https:\/\/mintvalleyfcu.org\/#organization"},"potentialAction":[{"@type":"SearchAction","target":{"@type":"EntryPoint","urlTemplate":"https:\/\/mintvalleyfcu.org\/?s={search_term_string}"},"query-input":{"@type":"PropertyValueSpecification","valueRequired":true,"valueName":"search_term_string"}}],"inLanguage":"es"},{"@type":"Organization","@id":"https:\/\/mintvalleyfcu.org\/#organization","name":"Mint Valley Federal Credit Union","url":"https:\/\/mintvalleyfcu.org\/","logo":{"@type":"ImageObject","inLanguage":"es","@id":"https:\/\/mintvalleyfcu.org\/#\/schema\/logo\/image\/","url":"https:\/\/mintvalleyfcu.org\/wp-content\/uploads\/2022\/02\/MintValley_logo_horizontal_90th_White-scaled.png","contentUrl":"https:\/\/mintvalleyfcu.org\/wp-content\/uploads\/2022\/02\/MintValley_logo_horizontal_90th_White-scaled.png","width":2560,"height":1047,"caption":"Mint Valley Federal Credit Union"},"image":{"@id":"https:\/\/mintvalleyfcu.org\/#\/schema\/logo\/image\/"}}]}},"featured_image_src":"https:\/\/mintvalleyfcu.org\/wp-content\/uploads\/2025\/01\/010225_MINT_AutoLoan_Digital_HP-LP-600x400.jpg","featured_image_src_square":"https:\/\/mintvalleyfcu.org\/wp-content\/uploads\/2025\/01\/010225_MINT_AutoLoan_Digital_HP-LP-600x600.jpg","_links":{"self":[{"href":"https:\/\/mintvalleyfcu.org\/es\/wp-json\/wp\/v2\/pages\/1105","targetHints":{"allow":["GET"]}}],"collection":[{"href":"https:\/\/mintvalleyfcu.org\/es\/wp-json\/wp\/v2\/pages"}],"about":[{"href":"https:\/\/mintvalleyfcu.org\/es\/wp-json\/wp\/v2\/types\/page"}],"author":[{"embeddable":true,"href":"https:\/\/mintvalleyfcu.org\/es\/wp-json\/wp\/v2\/users\/8"}],"replies":[{"embeddable":true,"href":"https:\/\/mintvalleyfcu.org\/es\/wp-json\/wp\/v2\/comments?post=1105"}],"version-history":[{"count":0,"href":"https:\/\/mintvalleyfcu.org\/es\/wp-json\/wp\/v2\/pages\/1105\/revisions"}],"wp:featuredmedia":[{"embeddable":true,"href":"https:\/\/mintvalleyfcu.org\/es\/wp-json\/wp\/v2\/media\/1106"}],"wp:attachment":[{"href":"https:\/\/mintvalleyfcu.org\/es\/wp-json\/wp\/v2\/media?parent=1105"}],"wp:term":[{"taxonomy":"category","embeddable":true,"href":"https:\/\/mintvalleyfcu.org\/es\/wp-json\/wp\/v2\/categories?post=1105"},{"taxonomy":"post_tag","embeddable":true,"href":"https:\/\/mintvalleyfcu.org\/es\/wp-json\/wp\/v2\/tags?post=1105"}],"curies":[{"name":"wp","href":"https:\/\/api.w.org\/{rel}","templated":true}]}}