{"id":1113,"date":"2025-02-06T15:50:56","date_gmt":"2025-02-06T15:50:56","guid":{"rendered":"https:\/\/mintvalleyfcu.org\/?page_id=1113"},"modified":"2025-02-06T15:57:59","modified_gmt":"2025-02-06T15:57:59","slug":"mint-math-its-shopping-that-doesnt-count","status":"publish","type":"page","link":"https:\/\/mintvalleyfcu.org\/es\/mint-math-its-shopping-that-doesnt-count\/","title":{"rendered":"Mint Math =\u00a0 It\u2019s Shopping That Doesn\u2019t Count"},"content":{"rendered":"<div data-elementor-type=\"wp-page\" data-elementor-id=\"1113\" class=\"elementor elementor-1113\" data-elementor-post-type=\"page\">\n\t\t\t\t\t\t<section class=\"elementor-section elementor-top-section elementor-element elementor-element-3af46ec elementor-section-boxed elementor-section-height-default elementor-section-height-default\" data-id=\"3af46ec\" data-element_type=\"section\" data-e-type=\"section\">\n\t\t\t\t\t\t<div class=\"elementor-container elementor-column-gap-default\">\n\t\t\t\t\t<div class=\"elementor-column elementor-col-100 elementor-top-column elementor-element elementor-element-2093ca22\" data-id=\"2093ca22\" data-element_type=\"column\" data-e-type=\"column\">\n\t\t\t<div class=\"elementor-widget-wrap elementor-element-populated\">\n\t\t\t\t\t\t<div class=\"elementor-element elementor-element-42054b31 elementor-widget elementor-widget-text-editor\" data-id=\"42054b31\" data-element_type=\"widget\" data-e-type=\"widget\" data-widget_type=\"text-editor.default\">\n\t\t\t\t<div class=\"elementor-widget-container\">\n\t\t\t\t\t\t\t\t\t<p><span style=\"font-weight: 400;\">With Mint Valley, using your credit card feels like shopping for practically free: <\/span><b>low rates, no annual fees, and rewards that basically pay you back<\/b><span style=\"font-weight: 400;\">?<\/span><\/p>\n<p><span style=\"font-weight: 400;\">That\u2019s just Mint Math.<\/span><\/p>\t\t\t\t\t\t\t\t<\/div>\n\t\t\t\t<\/div>\n\t\t\t\t\t<\/div>\n\t\t<\/div>\n\t\t\t\t\t<\/div>\n\t\t<\/section>\n\t\t\t\t<section class=\"elementor-section elementor-top-section elementor-element elementor-element-2f23f11 elementor-section-boxed elementor-section-height-default elementor-section-height-default\" data-id=\"2f23f11\" data-element_type=\"section\" data-e-type=\"section\">\n\t\t\t\t\t\t<div class=\"elementor-container elementor-column-gap-default\">\n\t\t\t\t\t<div class=\"elementor-column elementor-col-100 elementor-top-column elementor-element elementor-element-4444a54\" data-id=\"4444a54\" data-element_type=\"column\" data-e-type=\"column\">\n\t\t\t<div class=\"elementor-widget-wrap elementor-element-populated\">\n\t\t\t\t\t\t<div class=\"elementor-element elementor-element-2cd0243 elementor-align-left elementor-widget elementor-widget-button\" data-id=\"2cd0243\" data-element_type=\"widget\" data-e-type=\"widget\" data-widget_type=\"button.default\">\n\t\t\t\t<div class=\"elementor-widget-container\">\n\t\t\t\t\t\t\t\t\t<div class=\"elementor-button-wrapper\">\n\t\t\t\t\t<a class=\"elementor-button elementor-button-link elementor-size-md\" href=\"https:\/\/form.jotform.com\/221084546872056\">\n\t\t\t\t\t\t<span class=\"elementor-button-content-wrapper\">\n\t\t\t\t\t\t\t\t\t<span class=\"elementor-button-text\">Solicitar ahora<\/span>\n\t\t\t\t\t<\/span>\n\t\t\t\t\t<\/a>\n\t\t\t\t<\/div>\n\t\t\t\t\t\t\t\t<\/div>\n\t\t\t\t<\/div>\n\t\t\t\t\t<\/div>\n\t\t<\/div>\n\t\t\t\t\t<\/div>\n\t\t<\/section>\n\t\t\t\t<section class=\"elementor-section elementor-top-section elementor-element elementor-element-909fd48 elementor-section-boxed elementor-section-height-default elementor-section-height-default\" data-id=\"909fd48\" data-element_type=\"section\" data-e-type=\"section\">\n\t\t\t\t\t\t<div class=\"elementor-container elementor-column-gap-default\">\n\t\t\t\t\t<div class=\"elementor-column elementor-col-100 elementor-top-column elementor-element elementor-element-7667e63\" data-id=\"7667e63\" data-element_type=\"column\" data-e-type=\"column\">\n\t\t\t<div class=\"elementor-widget-wrap elementor-element-populated\">\n\t\t\t\t\t\t<div class=\"elementor-element elementor-element-6988f31 elementor-widget elementor-widget-text-editor\" data-id=\"6988f31\" data-element_type=\"widget\" data-e-type=\"widget\" data-widget_type=\"text-editor.default\">\n\t\t\t\t<div class=\"elementor-widget-container\">\n\t\t\t\t\t\t\t\t\t<h2><b>Low Rates + No Annual Fees + Mint Rewards<\/b><\/h2>\n<p><span style=\"font-weight: 400;\">With Mint Valley\u2019s credit cards, you\u2019ll earn rewards<\/span><b> on Every. Single. Purchase.<\/b><\/p>\n<p><span style=\"font-weight: 400;\">Forget BNPL\u2019s sky-high interest rates and hidden fees\u2014Mint Valley keeps it simple and, more importantly, affordable.<\/span><\/p>\n<ul>\n<li style=\"font-weight: 400;\" aria-level=\"1\"><b>Low Rates:<\/b><span style=\"font-weight: 400;\"> No surprise fees or hidden charges.<\/span><\/li>\n<li style=\"font-weight: 400;\" aria-level=\"1\"><b>Mint Rewards:<\/b><span style=\"font-weight: 400;\"> Earn points that can actually make a difference in your life.<\/span><\/li>\n<li style=\"font-weight: 400;\" aria-level=\"1\"><b>No Annual Fees:<\/b> Keep more of your money where it belongs\u2014<b>with you<\/b>.<\/li>\n<\/ul>\n<p><span style=\"font-weight: 400;\"><br \/>No matter how you look at it, BNPL just doesn\u2019t add up. Do the Mint Math and start earning with every purchase today.<\/span><\/p>\t\t\t\t\t\t\t\t<\/div>\n\t\t\t\t<\/div>\n\t\t\t\t\t<\/div>\n\t\t<\/div>\n\t\t\t\t\t<\/div>\n\t\t<\/section>\n\t\t\t\t<section class=\"elementor-section elementor-top-section elementor-element elementor-element-cf37d87 elementor-section-boxed elementor-section-height-default elementor-section-height-default\" data-id=\"cf37d87\" data-element_type=\"section\" data-e-type=\"section\">\n\t\t\t\t\t\t<div class=\"elementor-container elementor-column-gap-default\">\n\t\t\t\t\t<div class=\"elementor-column elementor-col-100 elementor-top-column elementor-element elementor-element-a279b49\" data-id=\"a279b49\" data-element_type=\"column\" data-e-type=\"column\">\n\t\t\t<div class=\"elementor-widget-wrap elementor-element-populated\">\n\t\t\t\t\t\t<div class=\"elementor-element elementor-element-9acde51 elementor-widget elementor-widget-heading\" data-id=\"9acde51\" data-element_type=\"widget\" data-e-type=\"widget\" data-widget_type=\"heading.default\">\n\t\t\t\t<div class=\"elementor-widget-container\">\n\t\t\t\t\t<h3 class=\"elementor-heading-title elementor-size-default\">We\u2019ll Show Our Work\n\nLet\u2019s say you spend $250 at your favorite store.<\/h3>\t\t\t\t<\/div>\n\t\t\t\t<\/div>\n\t\t\t\t<section class=\"elementor-section elementor-inner-section elementor-element elementor-element-af8b52d elementor-section-boxed elementor-section-height-default elementor-section-height-default\" data-id=\"af8b52d\" data-element_type=\"section\" data-e-type=\"section\">\n\t\t\t\t\t\t<div class=\"elementor-container elementor-column-gap-default\">\n\t\t\t\t\t<div class=\"elementor-column elementor-col-50 elementor-inner-column elementor-element elementor-element-ce6a902\" data-id=\"ce6a902\" data-element_type=\"column\" data-e-type=\"column\" data-settings=\"{&quot;background_background&quot;:&quot;classic&quot;}\">\n\t\t\t<div class=\"elementor-widget-wrap elementor-element-populated\">\n\t\t\t\t\t\t<div class=\"elementor-element elementor-element-49bd1f9 elementor-widget elementor-widget-heading\" data-id=\"49bd1f9\" data-element_type=\"widget\" data-e-type=\"widget\" data-widget_type=\"heading.default\">\n\t\t\t\t<div class=\"elementor-widget-container\">\n\t\t\t\t\t<h4 class=\"elementor-heading-title elementor-size-default\">With Mint Math:<\/h4>\t\t\t\t<\/div>\n\t\t\t\t<\/div>\n\t\t\t\t<div class=\"elementor-element elementor-element-7a369bc elementor-widget elementor-widget-text-editor\" data-id=\"7a369bc\" data-element_type=\"widget\" data-e-type=\"widget\" data-widget_type=\"text-editor.default\">\n\t\t\t\t<div class=\"elementor-widget-container\">\n\t\t\t\t\t\t\t\t\t<p><span style=\"font-weight: 400;\">250 Rewards Points + Low Rate Payment + NO Hidden Fees<br \/><\/span><b>= Practically Paid to Purchase!<\/b><\/p>\t\t\t\t\t\t\t\t<\/div>\n\t\t\t\t<\/div>\n\t\t\t\t\t<\/div>\n\t\t<\/div>\n\t\t\t\t<div class=\"elementor-column elementor-col-50 elementor-inner-column elementor-element elementor-element-e8c44d9\" data-id=\"e8c44d9\" data-element_type=\"column\" data-e-type=\"column\" data-settings=\"{&quot;background_background&quot;:&quot;classic&quot;}\">\n\t\t\t<div class=\"elementor-widget-wrap elementor-element-populated\">\n\t\t\t\t\t\t<div class=\"elementor-element elementor-element-5bfc2fb elementor-widget elementor-widget-heading\" data-id=\"5bfc2fb\" data-element_type=\"widget\" data-e-type=\"widget\" data-widget_type=\"heading.default\">\n\t\t\t\t<div class=\"elementor-widget-container\">\n\t\t\t\t\t<h4 class=\"elementor-heading-title elementor-size-default\">Using BNPL:<\/h4>\t\t\t\t<\/div>\n\t\t\t\t<\/div>\n\t\t\t\t<div class=\"elementor-element elementor-element-7f2b1d9 elementor-widget elementor-widget-text-editor\" data-id=\"7f2b1d9\" data-element_type=\"widget\" data-e-type=\"widget\" data-widget_type=\"text-editor.default\">\n\t\t\t\t<div class=\"elementor-widget-container\">\n\t\t\t\t\t\t\t\t\t<p><span style=\"font-weight: 400;\">NO Rewards + High Interest Rates + Surprise Fees<br \/><\/span><span style=\"font-weight: 400;\"><b>= 3x the Price\u2026<\/b><\/span><\/p>\t\t\t\t\t\t\t\t<\/div>\n\t\t\t\t<\/div>\n\t\t\t\t\t<\/div>\n\t\t<\/div>\n\t\t\t\t\t<\/div>\n\t\t<\/section>\n\t\t\t\t<div class=\"elementor-element elementor-element-6ba6921 elementor-widget elementor-widget-text-editor\" data-id=\"6ba6921\" data-element_type=\"widget\" data-e-type=\"widget\" data-widget_type=\"text-editor.default\">\n\t\t\t\t<div class=\"elementor-widget-container\">\n\t\t\t\t\t\t\t\t\t<p><span style=\"font-weight: 400;\">Ready to see how much you can get using Mint Math? Give it a try!<\/span><\/p>\t\t\t\t\t\t\t\t<\/div>\n\t\t\t\t<\/div>\n\t\t\t\t<div class=\"elementor-element elementor-element-9d682a3 elementor-align-center elementor-widget elementor-widget-button\" data-id=\"9d682a3\" data-element_type=\"widget\" data-e-type=\"widget\" data-widget_type=\"button.default\">\n\t\t\t\t<div class=\"elementor-widget-container\">\n\t\t\t\t\t\t\t\t\t<div class=\"elementor-button-wrapper\">\n\t\t\t\t\t<a class=\"elementor-button elementor-button-link elementor-size-md\" href=\"https:\/\/form.jotform.com\/221084546872056\">\n\t\t\t\t\t\t<span class=\"elementor-button-content-wrapper\">\n\t\t\t\t\t\t\t\t\t<span class=\"elementor-button-text\">Solicitar ahora<\/span>\n\t\t\t\t\t<\/span>\n\t\t\t\t\t<\/a>\n\t\t\t\t<\/div>\n\t\t\t\t\t\t\t\t<\/div>\n\t\t\t\t<\/div>\n\t\t\t\t\t<\/div>\n\t\t<\/div>\n\t\t\t\t\t<\/div>\n\t\t<\/section>\n\t\t\t\t<section class=\"elementor-section elementor-top-section elementor-element elementor-element-e35c41e elementor-section-boxed elementor-section-height-default elementor-section-height-default\" data-id=\"e35c41e\" data-element_type=\"section\" data-e-type=\"section\">\n\t\t\t\t\t\t<div class=\"elementor-container elementor-column-gap-default\">\n\t\t\t\t\t<div class=\"elementor-column elementor-col-100 elementor-top-column elementor-element elementor-element-602c86f\" data-id=\"602c86f\" data-element_type=\"column\" data-e-type=\"column\">\n\t\t\t<div class=\"elementor-widget-wrap elementor-element-populated\">\n\t\t\t\t\t\t<div class=\"elementor-element elementor-element-f014410 elementor-widget elementor-widget-text-editor\" data-id=\"f014410\" data-element_type=\"widget\" data-e-type=\"widget\" data-widget_type=\"text-editor.default\">\n\t\t\t\t<div class=\"elementor-widget-container\">\n\t\t\t\t\t\t\t\t\t<p><em style=\"font-size: 14px;\"><span style=\"font-weight: 400;\">*Not all members may qualify. All fee schedules and rewards are subject to change. See credit union for details.<\/span><\/em><\/p>\t\t\t\t\t\t\t\t<\/div>\n\t\t\t\t<\/div>\n\t\t\t\t\t<\/div>\n\t\t<\/div>\n\t\t\t\t\t<\/div>\n\t\t<\/section>\n\t\t\t\t<\/div>","protected":false},"excerpt":{"rendered":"<p>With Mint Valley, using your credit card feels like shopping for practically free: low rates, no annual fees, and rewards that basically pay you back? That\u2019s just Mint Math. Apply Now Low Rates + No Annual Fees + Mint Rewards With Mint Valley\u2019s credit cards, you\u2019ll earn rewards on Every. Single. Purchase. Forget BNPL\u2019s sky-high [&hellip;]<\/p>\n","protected":false},"author":8,"featured_media":1116,"parent":0,"menu_order":0,"comment_status":"closed","ping_status":"closed","template":"","meta":{"_acf_changed":false,"content-type":"","footnotes":""},"categories":[12],"tags":[],"class_list":["post-1113","page","type-page","status-publish","has-post-thumbnail","hentry","category-promo"],"acf":[],"yoast_head":"<!-- This site is optimized with the Yoast SEO plugin v27.3 - https:\/\/yoast.com\/product\/yoast-seo-wordpress\/ -->\n<title>Mint Math =\u00a0 It\u2019s Shopping That Doesn\u2019t Count - Mint Valley Federal Credit Union<\/title>\n<meta name=\"robots\" content=\"index, follow, max-snippet:-1, max-image-preview:large, max-video-preview:-1\" \/>\n<link rel=\"canonical\" href=\"https:\/\/mintvalleyfcu.org\/es\/mint-math-its-shopping-that-doesnt-count\/\" \/>\n<meta property=\"og:locale\" content=\"es_ES\" \/>\n<meta property=\"og:type\" content=\"article\" \/>\n<meta property=\"og:title\" content=\"Mint Math =\u00a0 It\u2019s Shopping That Doesn\u2019t Count - Mint Valley Federal Credit Union\" \/>\n<meta property=\"og:description\" content=\"With Mint Valley, using your credit card feels like shopping for practically free: low rates, no annual fees, and rewards that basically pay you back? That\u2019s just Mint Math. Apply Now Low Rates + No Annual Fees + Mint Rewards With Mint Valley\u2019s credit cards, you\u2019ll earn rewards on Every. Single. Purchase. Forget BNPL\u2019s sky-high [&hellip;]\" \/>\n<meta property=\"og:url\" content=\"https:\/\/mintvalleyfcu.org\/es\/mint-math-its-shopping-that-doesnt-count\/\" \/>\n<meta property=\"og:site_name\" content=\"Mint Valley Federal Credit Union\" \/>\n<meta property=\"article:modified_time\" content=\"2025-02-06T15:57:59+00:00\" \/>\n<meta property=\"og:image\" content=\"https:\/\/mintvalleyfcu.org\/wp-content\/uploads\/2025\/02\/012025_MINT_CC_Girl-Math_Digital_HP-LP.jpg\" \/>\n\t<meta property=\"og:image:width\" content=\"1080\" \/>\n\t<meta property=\"og:image:height\" content=\"1080\" \/>\n\t<meta property=\"og:image:type\" content=\"image\/jpeg\" \/>\n<meta name=\"twitter:card\" content=\"summary_large_image\" \/>\n<meta name=\"twitter:label1\" content=\"Est. reading time\" \/>\n\t<meta name=\"twitter:data1\" content=\"1 minuto\" \/>\n<script type=\"application\/ld+json\" class=\"yoast-schema-graph\">{\"@context\":\"https:\\\/\\\/schema.org\",\"@graph\":[{\"@type\":\"WebPage\",\"@id\":\"https:\\\/\\\/mintvalleyfcu.org\\\/mint-math-its-shopping-that-doesnt-count\\\/\",\"url\":\"https:\\\/\\\/mintvalleyfcu.org\\\/mint-math-its-shopping-that-doesnt-count\\\/\",\"name\":\"Mint Math =\u00a0 It\u2019s Shopping That Doesn\u2019t Count - Mint Valley Federal Credit Union\",\"isPartOf\":{\"@id\":\"https:\\\/\\\/mintvalleyfcu.org\\\/#website\"},\"primaryImageOfPage\":{\"@id\":\"https:\\\/\\\/mintvalleyfcu.org\\\/mint-math-its-shopping-that-doesnt-count\\\/#primaryimage\"},\"image\":{\"@id\":\"https:\\\/\\\/mintvalleyfcu.org\\\/mint-math-its-shopping-that-doesnt-count\\\/#primaryimage\"},\"thumbnailUrl\":\"https:\\\/\\\/mintvalleyfcu.org\\\/wp-content\\\/uploads\\\/2025\\\/02\\\/012025_MINT_CC_Girl-Math_Digital_HP-LP.jpg\",\"datePublished\":\"2025-02-06T15:50:56+00:00\",\"dateModified\":\"2025-02-06T15:57:59+00:00\",\"breadcrumb\":{\"@id\":\"https:\\\/\\\/mintvalleyfcu.org\\\/mint-math-its-shopping-that-doesnt-count\\\/#breadcrumb\"},\"inLanguage\":\"es\",\"potentialAction\":[{\"@type\":\"ReadAction\",\"target\":[\"https:\\\/\\\/mintvalleyfcu.org\\\/mint-math-its-shopping-that-doesnt-count\\\/\"]}]},{\"@type\":\"ImageObject\",\"inLanguage\":\"es\",\"@id\":\"https:\\\/\\\/mintvalleyfcu.org\\\/mint-math-its-shopping-that-doesnt-count\\\/#primaryimage\",\"url\":\"https:\\\/\\\/mintvalleyfcu.org\\\/wp-content\\\/uploads\\\/2025\\\/02\\\/012025_MINT_CC_Girl-Math_Digital_HP-LP.jpg\",\"contentUrl\":\"https:\\\/\\\/mintvalleyfcu.org\\\/wp-content\\\/uploads\\\/2025\\\/02\\\/012025_MINT_CC_Girl-Math_Digital_HP-LP.jpg\",\"width\":1080,\"height\":1080},{\"@type\":\"BreadcrumbList\",\"@id\":\"https:\\\/\\\/mintvalleyfcu.org\\\/mint-math-its-shopping-that-doesnt-count\\\/#breadcrumb\",\"itemListElement\":[{\"@type\":\"ListItem\",\"position\":1,\"name\":\"Home\",\"item\":\"https:\\\/\\\/mintvalleyfcu.org\\\/\"},{\"@type\":\"ListItem\",\"position\":2,\"name\":\"Mint Math =\u00a0 It\u2019s Shopping That Doesn\u2019t Count\"}]},{\"@type\":\"WebSite\",\"@id\":\"https:\\\/\\\/mintvalleyfcu.org\\\/#website\",\"url\":\"https:\\\/\\\/mintvalleyfcu.org\\\/\",\"name\":\"Mint Valley Federal Credit Union\",\"description\":\"If you\u2019re looking for a credit union that treats you more like family than just another customer, Mint Valley Federal Credit Union is the place for you.\",\"publisher\":{\"@id\":\"https:\\\/\\\/mintvalleyfcu.org\\\/#organization\"},\"potentialAction\":[{\"@type\":\"SearchAction\",\"target\":{\"@type\":\"EntryPoint\",\"urlTemplate\":\"https:\\\/\\\/mintvalleyfcu.org\\\/?s={search_term_string}\"},\"query-input\":{\"@type\":\"PropertyValueSpecification\",\"valueRequired\":true,\"valueName\":\"search_term_string\"}}],\"inLanguage\":\"es\"},{\"@type\":\"Organization\",\"@id\":\"https:\\\/\\\/mintvalleyfcu.org\\\/#organization\",\"name\":\"Mint Valley Federal Credit Union\",\"url\":\"https:\\\/\\\/mintvalleyfcu.org\\\/\",\"logo\":{\"@type\":\"ImageObject\",\"inLanguage\":\"es\",\"@id\":\"https:\\\/\\\/mintvalleyfcu.org\\\/#\\\/schema\\\/logo\\\/image\\\/\",\"url\":\"https:\\\/\\\/mintvalleyfcu.org\\\/wp-content\\\/uploads\\\/2022\\\/02\\\/MintValley_logo_horizontal_90th_White-scaled.png\",\"contentUrl\":\"https:\\\/\\\/mintvalleyfcu.org\\\/wp-content\\\/uploads\\\/2022\\\/02\\\/MintValley_logo_horizontal_90th_White-scaled.png\",\"width\":2560,\"height\":1047,\"caption\":\"Mint Valley Federal Credit Union\"},\"image\":{\"@id\":\"https:\\\/\\\/mintvalleyfcu.org\\\/#\\\/schema\\\/logo\\\/image\\\/\"}}]}<\/script>\n<!-- \/ Yoast SEO plugin. -->","yoast_head_json":{"title":"Mint Math =\u00a0 It\u2019s Shopping That Doesn\u2019t Count - Mint Valley Federal Credit Union","robots":{"index":"index","follow":"follow","max-snippet":"max-snippet:-1","max-image-preview":"max-image-preview:large","max-video-preview":"max-video-preview:-1"},"canonical":"https:\/\/mintvalleyfcu.org\/es\/mint-math-its-shopping-that-doesnt-count\/","og_locale":"es_ES","og_type":"article","og_title":"Mint Math =\u00a0 It\u2019s Shopping That Doesn\u2019t Count - Mint Valley Federal Credit Union","og_description":"With Mint Valley, using your credit card feels like shopping for practically free: low rates, no annual fees, and rewards that basically pay you back? That\u2019s just Mint Math. Apply Now Low Rates + No Annual Fees + Mint Rewards With Mint Valley\u2019s credit cards, you\u2019ll earn rewards on Every. Single. Purchase. Forget BNPL\u2019s sky-high [&hellip;]","og_url":"https:\/\/mintvalleyfcu.org\/es\/mint-math-its-shopping-that-doesnt-count\/","og_site_name":"Mint Valley Federal Credit Union","article_modified_time":"2025-02-06T15:57:59+00:00","og_image":[{"width":1080,"height":1080,"url":"https:\/\/mintvalleyfcu.org\/wp-content\/uploads\/2025\/02\/012025_MINT_CC_Girl-Math_Digital_HP-LP.jpg","type":"image\/jpeg"}],"twitter_card":"summary_large_image","twitter_misc":{"Est. reading time":"1 minuto"},"schema":{"@context":"https:\/\/schema.org","@graph":[{"@type":"WebPage","@id":"https:\/\/mintvalleyfcu.org\/mint-math-its-shopping-that-doesnt-count\/","url":"https:\/\/mintvalleyfcu.org\/mint-math-its-shopping-that-doesnt-count\/","name":"Mint Math =\u00a0 It\u2019s Shopping That Doesn\u2019t Count - Mint Valley Federal Credit Union","isPartOf":{"@id":"https:\/\/mintvalleyfcu.org\/#website"},"primaryImageOfPage":{"@id":"https:\/\/mintvalleyfcu.org\/mint-math-its-shopping-that-doesnt-count\/#primaryimage"},"image":{"@id":"https:\/\/mintvalleyfcu.org\/mint-math-its-shopping-that-doesnt-count\/#primaryimage"},"thumbnailUrl":"https:\/\/mintvalleyfcu.org\/wp-content\/uploads\/2025\/02\/012025_MINT_CC_Girl-Math_Digital_HP-LP.jpg","datePublished":"2025-02-06T15:50:56+00:00","dateModified":"2025-02-06T15:57:59+00:00","breadcrumb":{"@id":"https:\/\/mintvalleyfcu.org\/mint-math-its-shopping-that-doesnt-count\/#breadcrumb"},"inLanguage":"es","potentialAction":[{"@type":"ReadAction","target":["https:\/\/mintvalleyfcu.org\/mint-math-its-shopping-that-doesnt-count\/"]}]},{"@type":"ImageObject","inLanguage":"es","@id":"https:\/\/mintvalleyfcu.org\/mint-math-its-shopping-that-doesnt-count\/#primaryimage","url":"https:\/\/mintvalleyfcu.org\/wp-content\/uploads\/2025\/02\/012025_MINT_CC_Girl-Math_Digital_HP-LP.jpg","contentUrl":"https:\/\/mintvalleyfcu.org\/wp-content\/uploads\/2025\/02\/012025_MINT_CC_Girl-Math_Digital_HP-LP.jpg","width":1080,"height":1080},{"@type":"BreadcrumbList","@id":"https:\/\/mintvalleyfcu.org\/mint-math-its-shopping-that-doesnt-count\/#breadcrumb","itemListElement":[{"@type":"ListItem","position":1,"name":"Home","item":"https:\/\/mintvalleyfcu.org\/"},{"@type":"ListItem","position":2,"name":"Mint Math =\u00a0 It\u2019s Shopping That Doesn\u2019t Count"}]},{"@type":"WebSite","@id":"https:\/\/mintvalleyfcu.org\/#website","url":"https:\/\/mintvalleyfcu.org\/","name":"Mint Valley Federal Credit Union","description":"Si est\u00e1 buscando una cooperativa de cr\u00e9dito que lo trate m\u00e1s como familia que como un cliente m\u00e1s, Mint Valley Federal Credit Union es el lugar para usted.","publisher":{"@id":"https:\/\/mintvalleyfcu.org\/#organization"},"potentialAction":[{"@type":"SearchAction","target":{"@type":"EntryPoint","urlTemplate":"https:\/\/mintvalleyfcu.org\/?s={search_term_string}"},"query-input":{"@type":"PropertyValueSpecification","valueRequired":true,"valueName":"search_term_string"}}],"inLanguage":"es"},{"@type":"Organization","@id":"https:\/\/mintvalleyfcu.org\/#organization","name":"Mint Valley Federal Credit Union","url":"https:\/\/mintvalleyfcu.org\/","logo":{"@type":"ImageObject","inLanguage":"es","@id":"https:\/\/mintvalleyfcu.org\/#\/schema\/logo\/image\/","url":"https:\/\/mintvalleyfcu.org\/wp-content\/uploads\/2022\/02\/MintValley_logo_horizontal_90th_White-scaled.png","contentUrl":"https:\/\/mintvalleyfcu.org\/wp-content\/uploads\/2022\/02\/MintValley_logo_horizontal_90th_White-scaled.png","width":2560,"height":1047,"caption":"Mint Valley Federal Credit Union"},"image":{"@id":"https:\/\/mintvalleyfcu.org\/#\/schema\/logo\/image\/"}}]}},"featured_image_src":"https:\/\/mintvalleyfcu.org\/wp-content\/uploads\/2025\/02\/012025_MINT_CC_Girl-Math_Digital_HP-LP-600x400.jpg","featured_image_src_square":"https:\/\/mintvalleyfcu.org\/wp-content\/uploads\/2025\/02\/012025_MINT_CC_Girl-Math_Digital_HP-LP-600x600.jpg","_links":{"self":[{"href":"https:\/\/mintvalleyfcu.org\/es\/wp-json\/wp\/v2\/pages\/1113","targetHints":{"allow":["GET"]}}],"collection":[{"href":"https:\/\/mintvalleyfcu.org\/es\/wp-json\/wp\/v2\/pages"}],"about":[{"href":"https:\/\/mintvalleyfcu.org\/es\/wp-json\/wp\/v2\/types\/page"}],"author":[{"embeddable":true,"href":"https:\/\/mintvalleyfcu.org\/es\/wp-json\/wp\/v2\/users\/8"}],"replies":[{"embeddable":true,"href":"https:\/\/mintvalleyfcu.org\/es\/wp-json\/wp\/v2\/comments?post=1113"}],"version-history":[{"count":0,"href":"https:\/\/mintvalleyfcu.org\/es\/wp-json\/wp\/v2\/pages\/1113\/revisions"}],"wp:featuredmedia":[{"embeddable":true,"href":"https:\/\/mintvalleyfcu.org\/es\/wp-json\/wp\/v2\/media\/1116"}],"wp:attachment":[{"href":"https:\/\/mintvalleyfcu.org\/es\/wp-json\/wp\/v2\/media?parent=1113"}],"wp:term":[{"taxonomy":"category","embeddable":true,"href":"https:\/\/mintvalleyfcu.org\/es\/wp-json\/wp\/v2\/categories?post=1113"},{"taxonomy":"post_tag","embeddable":true,"href":"https:\/\/mintvalleyfcu.org\/es\/wp-json\/wp\/v2\/tags?post=1113"}],"curies":[{"name":"wp","href":"https:\/\/api.w.org\/{rel}","templated":true}]}}