{"id":1312,"date":"2026-03-30T12:21:35","date_gmt":"2026-03-30T12:21:35","guid":{"rendered":"https:\/\/mintvalleyfcu.org\/?page_id=1312"},"modified":"2026-04-06T14:34:29","modified_gmt":"2026-04-06T14:34:29","slug":"motorcycle-recreational-loans","status":"publish","type":"page","link":"https:\/\/mintvalleyfcu.org\/es\/motorcycle-recreational-loans\/","title":{"rendered":"Motorcycle &amp; Recreational Loans"},"content":{"rendered":"<div data-elementor-type=\"wp-page\" data-elementor-id=\"1312\" class=\"elementor elementor-1312\" data-elementor-post-type=\"page\">\n\t\t\t\t\t\t<section class=\"elementor-section elementor-top-section elementor-element elementor-element-2e4f8ee9 elementor-section-height-min-height elementor-section-content-middle elementor-section-boxed elementor-section-height-default elementor-section-items-middle\" data-id=\"2e4f8ee9\" data-element_type=\"section\" data-e-type=\"section\" data-settings=\"{&quot;background_background&quot;:&quot;classic&quot;,&quot;shape_divider_bottom&quot;:&quot;curve&quot;}\">\n\t\t\t\t\t<div class=\"elementor-shape elementor-shape-bottom\" aria-hidden=\"true\" data-negative=\"false\">\n\t\t\t<svg xmlns=\"http:\/\/www.w3.org\/2000\/svg\" viewbox=\"0 0 1000 100\" preserveaspectratio=\"none\">\n    <path class=\"elementor-shape-fill\" d=\"M1000,4.3V0H0v4.3C0.9,23.1,126.7,99.2,500,100S1000,22.7,1000,4.3z\"\/>\n<\/svg>\t\t<\/div>\n\t\t\t\t\t<div class=\"elementor-container elementor-column-gap-no\">\n\t\t\t\t\t<div class=\"elementor-column elementor-col-50 elementor-top-column elementor-element elementor-element-30dddc01\" data-id=\"30dddc01\" data-element_type=\"column\" data-e-type=\"column\">\n\t\t\t<div class=\"elementor-widget-wrap elementor-element-populated\">\n\t\t\t\t\t\t<div class=\"elementor-element elementor-element-502545a1 elementor-widget elementor-widget-spacer\" data-id=\"502545a1\" data-element_type=\"widget\" data-e-type=\"widget\" data-widget_type=\"spacer.default\">\n\t\t\t\t<div class=\"elementor-widget-container\">\n\t\t\t\t\t\t\t<div class=\"elementor-spacer\">\n\t\t\t<div class=\"elementor-spacer-inner\"><\/div>\n\t\t<\/div>\n\t\t\t\t\t\t<\/div>\n\t\t\t\t<\/div>\n\t\t\t\t\t<\/div>\n\t\t<\/div>\n\t\t\t\t<div class=\"elementor-column elementor-col-50 elementor-top-column elementor-element elementor-element-3950894b\" data-id=\"3950894b\" data-element_type=\"column\" data-e-type=\"column\">\n\t\t\t<div class=\"elementor-widget-wrap elementor-element-populated\">\n\t\t\t\t\t\t\t<\/div>\n\t\t<\/div>\n\t\t\t\t\t<\/div>\n\t\t<\/section>\n\t\t\t\t<section class=\"elementor-section elementor-top-section elementor-element elementor-element-665ac1be elementor-section-boxed elementor-section-height-default elementor-section-height-default\" data-id=\"665ac1be\" data-element_type=\"section\" data-e-type=\"section\">\n\t\t\t\t\t\t<div class=\"elementor-container elementor-column-gap-default\">\n\t\t\t\t\t<div class=\"elementor-column elementor-col-33 elementor-top-column elementor-element elementor-element-f7667cf\" data-id=\"f7667cf\" data-element_type=\"column\" data-e-type=\"column\" data-settings=\"{&quot;background_background&quot;:&quot;classic&quot;}\">\n\t\t\t<div class=\"elementor-widget-wrap elementor-element-populated\">\n\t\t\t\t\t\t<div class=\"elementor-element elementor-element-2e347ac elementor-widget elementor-widget-heading\" data-id=\"2e347ac\" data-element_type=\"widget\" data-e-type=\"widget\" data-widget_type=\"heading.default\">\n\t\t\t\t<div class=\"elementor-widget-container\">\n\t\t\t\t\t<h2 class=\"elementor-heading-title elementor-size-default\">Pr\u00e9stamos para motocicletas<\/h2>\t\t\t\t<\/div>\n\t\t\t\t<\/div>\n\t\t\t\t<div class=\"elementor-element elementor-element-206a299 elementor-widget elementor-widget-text-editor\" data-id=\"206a299\" data-element_type=\"widget\" data-e-type=\"widget\" data-widget_type=\"text-editor.default\">\n\t\t\t\t<div class=\"elementor-widget-container\">\n\t\t\t\t\t\t\t\t\t<div>Cross town or cross country, Mint Valley can help you get on the road with the motorcycle\u2014and affordable payment\u2014of your dreams.<\/div><div>\u00a0<\/div><div>Let\u2019s make your next ride the first of many.<\/div>\t\t\t\t\t\t\t\t<\/div>\n\t\t\t\t<\/div>\n\t\t\t\t\t<\/div>\n\t\t<\/div>\n\t\t\t\t<div class=\"elementor-column elementor-col-33 elementor-top-column elementor-element elementor-element-b8e025f\" data-id=\"b8e025f\" data-element_type=\"column\" data-e-type=\"column\" data-settings=\"{&quot;background_background&quot;:&quot;classic&quot;}\">\n\t\t\t<div class=\"elementor-widget-wrap elementor-element-populated\">\n\t\t\t\t\t\t<div class=\"elementor-element elementor-element-16d76ae elementor-widget elementor-widget-heading\" data-id=\"16d76ae\" data-element_type=\"widget\" data-e-type=\"widget\" data-widget_type=\"heading.default\">\n\t\t\t\t<div class=\"elementor-widget-container\">\n\t\t\t\t\t<h2 class=\"elementor-heading-title elementor-size-default\">Boat &amp; Jet Ski Loans<\/h2>\t\t\t\t<\/div>\n\t\t\t\t<\/div>\n\t\t\t\t<div class=\"elementor-element elementor-element-9f69417 elementor-widget elementor-widget-text-editor\" data-id=\"9f69417\" data-element_type=\"widget\" data-e-type=\"widget\" data-widget_type=\"text-editor.default\">\n\t\t\t\t<div class=\"elementor-widget-container\">\n\t\t\t\t\t\t\t\t\t<div>From serene lakes to open waters, Mint Valley offers boat loans and loans for personal watercraft so you can make a splash without sinking your savings.<\/div><div>\u00a0<\/div><div>Get funds to float your boat (or personal watercraft) today!<\/div>\t\t\t\t\t\t\t\t<\/div>\n\t\t\t\t<\/div>\n\t\t\t\t\t<\/div>\n\t\t<\/div>\n\t\t\t\t<div class=\"elementor-column elementor-col-33 elementor-top-column elementor-element elementor-element-410893e\" data-id=\"410893e\" data-element_type=\"column\" data-e-type=\"column\" data-settings=\"{&quot;background_background&quot;:&quot;classic&quot;}\">\n\t\t\t<div class=\"elementor-widget-wrap elementor-element-populated\">\n\t\t\t\t\t\t<div class=\"elementor-element elementor-element-c2180a8 elementor-widget elementor-widget-heading\" data-id=\"c2180a8\" data-element_type=\"widget\" data-e-type=\"widget\" data-widget_type=\"heading.default\">\n\t\t\t\t<div class=\"elementor-widget-container\">\n\t\t\t\t\t<h2 class=\"elementor-heading-title elementor-size-default\">Pr\u00e9stamos para veh\u00edculos recreativos<\/h2>\t\t\t\t<\/div>\n\t\t\t\t<\/div>\n\t\t\t\t<div class=\"elementor-element elementor-element-88a6aa0 elementor-widget elementor-widget-text-editor\" data-id=\"88a6aa0\" data-element_type=\"widget\" data-e-type=\"widget\" data-widget_type=\"text-editor.default\">\n\t\t\t\t<div class=\"elementor-widget-container\">\n\t\t\t\t\t\t\t\t\t<div>From three-wheelers, four-wheelers, and ATVs to campers and recreational vehicles of every shape and size, there\u2019s no limit to exploring the great outdoors. And at Mint Valley, there\u2019s no limit to the types of rec vehicles we can help you finance.<\/div><div>\u00a0<\/div><div>Explore financing here so you can explore everything out there.<\/div>\t\t\t\t\t\t\t\t<\/div>\n\t\t\t\t<\/div>\n\t\t\t\t\t<\/div>\n\t\t<\/div>\n\t\t\t\t\t<\/div>\n\t\t<\/section>\n\t\t\t\t<section class=\"elementor-section elementor-top-section elementor-element elementor-element-c91dc5c elementor-section-boxed elementor-section-height-default elementor-section-height-default\" data-id=\"c91dc5c\" data-element_type=\"section\" data-e-type=\"section\">\n\t\t\t\t\t\t<div class=\"elementor-container elementor-column-gap-default\">\n\t\t\t\t\t<div class=\"elementor-column elementor-col-100 elementor-top-column elementor-element elementor-element-ab9c1f2\" data-id=\"ab9c1f2\" data-element_type=\"column\" data-e-type=\"column\">\n\t\t\t<div class=\"elementor-widget-wrap elementor-element-populated\">\n\t\t\t\t\t\t<section class=\"elementor-section elementor-inner-section elementor-element elementor-element-29f7549 elementor-section-boxed elementor-section-height-default elementor-section-height-default\" data-id=\"29f7549\" data-element_type=\"section\" data-e-type=\"section\">\n\t\t\t\t\t\t<div class=\"elementor-container elementor-column-gap-default\">\n\t\t\t\t\t<div class=\"elementor-column elementor-col-50 elementor-inner-column elementor-element elementor-element-785c1cb\" data-id=\"785c1cb\" data-element_type=\"column\" data-e-type=\"column\">\n\t\t\t<div class=\"elementor-widget-wrap elementor-element-populated\">\n\t\t\t\t\t\t<div class=\"elementor-element elementor-element-2e7a532 elementor-align-center elementor-widget elementor-widget-button\" data-id=\"2e7a532\" data-element_type=\"widget\" data-e-type=\"widget\" data-widget_type=\"button.default\">\n\t\t\t\t<div class=\"elementor-widget-container\">\n\t\t\t\t\t\t\t\t\t<div class=\"elementor-button-wrapper\">\n\t\t\t\t\t<a class=\"elementor-button elementor-button-link elementor-size-sm elementor-animation-grow\" href=\"https:\/\/www.mobicint.net\/min\/login\/loanapp?CUID=min&#038;Action=ACT0142&#038;login=false\">\n\t\t\t\t\t\t<span class=\"elementor-button-content-wrapper\">\n\t\t\t\t\t\t\t\t\t<span class=\"elementor-button-text\">Solicitar ahora<\/span>\n\t\t\t\t\t<\/span>\n\t\t\t\t\t<\/a>\n\t\t\t\t<\/div>\n\t\t\t\t\t\t\t\t<\/div>\n\t\t\t\t<\/div>\n\t\t\t\t\t<\/div>\n\t\t<\/div>\n\t\t\t\t<div class=\"elementor-column elementor-col-50 elementor-inner-column elementor-element elementor-element-2afd784\" data-id=\"2afd784\" data-element_type=\"column\" data-e-type=\"column\">\n\t\t\t<div class=\"elementor-widget-wrap elementor-element-populated\">\n\t\t\t\t\t\t<div class=\"elementor-element elementor-element-d461804 elementor-align-center elementor-widget elementor-widget-button\" data-id=\"d461804\" data-element_type=\"widget\" data-e-type=\"widget\" data-widget_type=\"button.default\">\n\t\t\t\t<div class=\"elementor-widget-container\">\n\t\t\t\t\t\t\t\t\t<div class=\"elementor-button-wrapper\">\n\t\t\t\t\t<a class=\"elementor-button elementor-button-link elementor-size-sm elementor-animation-grow\" href=\"https:\/\/mintvalleyfcu.org\/es\/prestamos\/\">\n\t\t\t\t\t\t<span class=\"elementor-button-content-wrapper\">\n\t\t\t\t\t\t\t\t\t<span class=\"elementor-button-text\">View Rates<\/span>\n\t\t\t\t\t<\/span>\n\t\t\t\t\t<\/a>\n\t\t\t\t<\/div>\n\t\t\t\t\t\t\t\t<\/div>\n\t\t\t\t<\/div>\n\t\t\t\t\t<\/div>\n\t\t<\/div>\n\t\t\t\t\t<\/div>\n\t\t<\/section>\n\t\t\t\t\t<\/div>\n\t\t<\/div>\n\t\t\t\t\t<\/div>\n\t\t<\/section>\n\t\t\t\t<section class=\"elementor-section elementor-top-section elementor-element elementor-element-5e04cdb elementor-section-boxed elementor-section-height-default elementor-section-height-default\" data-id=\"5e04cdb\" data-element_type=\"section\" data-e-type=\"section\">\n\t\t\t\t\t\t<div class=\"elementor-container elementor-column-gap-default\">\n\t\t\t\t\t<div class=\"elementor-column elementor-col-100 elementor-top-column elementor-element elementor-element-f2ec933\" data-id=\"f2ec933\" data-element_type=\"column\" data-e-type=\"column\">\n\t\t\t<div class=\"elementor-widget-wrap elementor-element-populated\">\n\t\t\t\t\t\t<div class=\"elementor-element elementor-element-7e72d12 elementor-widget elementor-widget-heading\" data-id=\"7e72d12\" data-element_type=\"widget\" data-e-type=\"widget\" data-widget_type=\"heading.default\">\n\t\t\t\t<div class=\"elementor-widget-container\">\n\t\t\t\t\t<h2 class=\"elementor-heading-title elementor-size-default\">Loan Payment Calculator<\/h2>\t\t\t\t<\/div>\n\t\t\t\t<\/div>\n\t\t\t\t<div class=\"elementor-element elementor-element-d9affd8 elementor-widget elementor-widget-text-editor\" data-id=\"d9affd8\" data-element_type=\"widget\" data-e-type=\"widget\" data-widget_type=\"text-editor.default\">\n\t\t\t\t<div class=\"elementor-widget-container\">\n\t\t\t\t\t\t\t\t\t<p>Estimate your monthly payments or see how quickly you can pay off your loan using our handy Financial Calculators!<\/p>\t\t\t\t\t\t\t\t<\/div>\n\t\t\t\t<\/div>\n\t\t\t\t<div class=\"elementor-element elementor-element-12930e3 elementor-widget elementor-widget-button\" data-id=\"12930e3\" data-element_type=\"widget\" data-e-type=\"widget\" data-widget_type=\"button.default\">\n\t\t\t\t<div class=\"elementor-widget-container\">\n\t\t\t\t\t\t\t\t\t<div class=\"elementor-button-wrapper\">\n\t\t\t\t\t<a class=\"elementor-button elementor-button-link elementor-size-sm elementor-animation-grow\" href=\"https:\/\/mintvalleyfcu.org\/es\/financial-calculators\/\">\n\t\t\t\t\t\t<span class=\"elementor-button-content-wrapper\">\n\t\t\t\t\t\t\t\t\t<span class=\"elementor-button-text\">Calculate Now<\/span>\n\t\t\t\t\t<\/span>\n\t\t\t\t\t<\/a>\n\t\t\t\t<\/div>\n\t\t\t\t\t\t\t\t<\/div>\n\t\t\t\t<\/div>\n\t\t\t\t<div class=\"elementor-element elementor-element-11af690 elementor-widget elementor-widget-text-editor\" data-id=\"11af690\" data-element_type=\"widget\" data-e-type=\"widget\" data-widget_type=\"text-editor.default\">\n\t\t\t\t<div class=\"elementor-widget-container\">\n\t\t\t\t\t\t\t\t\t<p><em>Membership eligibility required. All loans are subject to credit approval. Your overall creditworthiness may determine the amount financed, interest rate, and terms available to you. Additional terms and conditions may apply. See Mint Valley Federal Credit Union for full details. This credit union is federally insured by the National Credit Union Administration.<\/em><\/p>\t\t\t\t\t\t\t\t<\/div>\n\t\t\t\t<\/div>\n\t\t\t\t\t<\/div>\n\t\t<\/div>\n\t\t\t\t\t<\/div>\n\t\t<\/section>\n\t\t\t\t<\/div>","protected":false},"excerpt":{"rendered":"<p>Motorcycle Loans Cross town or cross country, Mint Valley can help you get on the road with the motorcycle\u2014and affordable payment\u2014of your dreams.\u00a0Let\u2019s make your next ride the first of many. Boat &amp; Jet Ski Loans From serene lakes to open waters, Mint Valley offers boat loans and loans for personal watercraft so you can [&hellip;]<\/p>\n","protected":false},"author":8,"featured_media":0,"parent":0,"menu_order":0,"comment_status":"closed","ping_status":"closed","template":"elementor_header_footer","meta":{"_acf_changed":false,"content-type":"","footnotes":""},"categories":[1],"tags":[28,29,30],"class_list":["post-1312","page","type-page","status-publish","hentry","category-uncategorized","tag-boat-loans","tag-motorcycle-loans","tag-rv-loans"],"acf":[],"yoast_head":"<!-- This site is optimized with the Yoast SEO plugin v27.4 - https:\/\/yoast.com\/product\/yoast-seo-wordpress\/ -->\n<title>Motorcycle, Boat &amp; RV Loans | Mint Valley Federal Credit Union<\/title>\n<meta name=\"description\" content=\"Get affordable motorcycle, boat, jet ski, and RV loans from Mint Valley FCU. Explore flexible rates, easy applications, and financing for all recreational vehicles.\" \/>\n<meta name=\"robots\" content=\"index, follow, max-snippet:-1, max-image-preview:large, max-video-preview:-1\" \/>\n<link rel=\"canonical\" href=\"https:\/\/mintvalleyfcu.org\/es\/motorcycle-recreational-loans\/\" \/>\n<meta property=\"og:locale\" content=\"es_ES\" \/>\n<meta property=\"og:type\" content=\"article\" \/>\n<meta property=\"og:title\" content=\"Motorcycle, Boat &amp; RV Loans | Mint Valley Federal Credit Union\" \/>\n<meta property=\"og:description\" content=\"Get affordable motorcycle, boat, jet ski, and RV loans from Mint Valley FCU. Explore flexible rates, easy applications, and financing for all recreational vehicles.\" \/>\n<meta property=\"og:url\" content=\"https:\/\/mintvalleyfcu.org\/es\/motorcycle-recreational-loans\/\" \/>\n<meta property=\"og:site_name\" content=\"Mint Valley Federal Credit Union\" \/>\n<meta property=\"article:modified_time\" content=\"2026-04-06T14:34:29+00:00\" \/>\n<meta name=\"twitter:card\" content=\"summary_large_image\" \/>\n<meta name=\"twitter:label1\" content=\"Est. reading time\" \/>\n\t<meta name=\"twitter:data1\" content=\"1 minuto\" \/>\n<script type=\"application\/ld+json\" class=\"yoast-schema-graph\">{\"@context\":\"https:\\\/\\\/schema.org\",\"@graph\":[{\"@type\":\"WebPage\",\"@id\":\"https:\\\/\\\/mintvalleyfcu.org\\\/motorcycle-recreational-loans\\\/\",\"url\":\"https:\\\/\\\/mintvalleyfcu.org\\\/motorcycle-recreational-loans\\\/\",\"name\":\"Motorcycle, Boat & RV Loans | Mint Valley Federal Credit Union\",\"isPartOf\":{\"@id\":\"https:\\\/\\\/mintvalleyfcu.org\\\/#website\"},\"datePublished\":\"2026-03-30T12:21:35+00:00\",\"dateModified\":\"2026-04-06T14:34:29+00:00\",\"description\":\"Get affordable motorcycle, boat, jet ski, and RV loans from Mint Valley FCU. Explore flexible rates, easy applications, and financing for all recreational vehicles.\",\"breadcrumb\":{\"@id\":\"https:\\\/\\\/mintvalleyfcu.org\\\/motorcycle-recreational-loans\\\/#breadcrumb\"},\"inLanguage\":\"es\",\"potentialAction\":[{\"@type\":\"ReadAction\",\"target\":[\"https:\\\/\\\/mintvalleyfcu.org\\\/motorcycle-recreational-loans\\\/\"]}]},{\"@type\":\"BreadcrumbList\",\"@id\":\"https:\\\/\\\/mintvalleyfcu.org\\\/motorcycle-recreational-loans\\\/#breadcrumb\",\"itemListElement\":[{\"@type\":\"ListItem\",\"position\":1,\"name\":\"Home\",\"item\":\"https:\\\/\\\/mintvalleyfcu.org\\\/\"},{\"@type\":\"ListItem\",\"position\":2,\"name\":\"Motorcycle &amp; Recreational Loans\"}]},{\"@type\":\"WebSite\",\"@id\":\"https:\\\/\\\/mintvalleyfcu.org\\\/#website\",\"url\":\"https:\\\/\\\/mintvalleyfcu.org\\\/\",\"name\":\"Mint Valley Federal Credit Union\",\"description\":\"If you\u2019re looking for a credit union that treats you more like family than just another customer, Mint Valley Federal Credit Union is the place for you.\",\"publisher\":{\"@id\":\"https:\\\/\\\/mintvalleyfcu.org\\\/#organization\"},\"potentialAction\":[{\"@type\":\"SearchAction\",\"target\":{\"@type\":\"EntryPoint\",\"urlTemplate\":\"https:\\\/\\\/mintvalleyfcu.org\\\/?s={search_term_string}\"},\"query-input\":{\"@type\":\"PropertyValueSpecification\",\"valueRequired\":true,\"valueName\":\"search_term_string\"}}],\"inLanguage\":\"es\"},{\"@type\":\"Organization\",\"@id\":\"https:\\\/\\\/mintvalleyfcu.org\\\/#organization\",\"name\":\"Mint Valley Federal Credit Union\",\"url\":\"https:\\\/\\\/mintvalleyfcu.org\\\/\",\"logo\":{\"@type\":\"ImageObject\",\"inLanguage\":\"es\",\"@id\":\"https:\\\/\\\/mintvalleyfcu.org\\\/#\\\/schema\\\/logo\\\/image\\\/\",\"url\":\"https:\\\/\\\/mintvalleyfcu.org\\\/wp-content\\\/uploads\\\/2022\\\/02\\\/MintValley_logo_horizontal_90th_White-scaled.png\",\"contentUrl\":\"https:\\\/\\\/mintvalleyfcu.org\\\/wp-content\\\/uploads\\\/2022\\\/02\\\/MintValley_logo_horizontal_90th_White-scaled.png\",\"width\":2560,\"height\":1047,\"caption\":\"Mint Valley Federal Credit Union\"},\"image\":{\"@id\":\"https:\\\/\\\/mintvalleyfcu.org\\\/#\\\/schema\\\/logo\\\/image\\\/\"}}]}<\/script>\n<!-- \/ Yoast SEO plugin. -->","yoast_head_json":{"title":"Motorcycle, Boat & RV Loans | Mint Valley Federal Credit Union","description":"Get affordable motorcycle, boat, jet ski, and RV loans from Mint Valley FCU. Explore flexible rates, easy applications, and financing for all recreational vehicles.","robots":{"index":"index","follow":"follow","max-snippet":"max-snippet:-1","max-image-preview":"max-image-preview:large","max-video-preview":"max-video-preview:-1"},"canonical":"https:\/\/mintvalleyfcu.org\/es\/motorcycle-recreational-loans\/","og_locale":"es_ES","og_type":"article","og_title":"Motorcycle, Boat & RV Loans | Mint Valley Federal Credit Union","og_description":"Get affordable motorcycle, boat, jet ski, and RV loans from Mint Valley FCU. Explore flexible rates, easy applications, and financing for all recreational vehicles.","og_url":"https:\/\/mintvalleyfcu.org\/es\/motorcycle-recreational-loans\/","og_site_name":"Mint Valley Federal Credit Union","article_modified_time":"2026-04-06T14:34:29+00:00","twitter_card":"summary_large_image","twitter_misc":{"Est. reading time":"1 minuto"},"schema":{"@context":"https:\/\/schema.org","@graph":[{"@type":"WebPage","@id":"https:\/\/mintvalleyfcu.org\/motorcycle-recreational-loans\/","url":"https:\/\/mintvalleyfcu.org\/motorcycle-recreational-loans\/","name":"Motorcycle, Boat & RV Loans | Mint Valley Federal Credit Union","isPartOf":{"@id":"https:\/\/mintvalleyfcu.org\/#website"},"datePublished":"2026-03-30T12:21:35+00:00","dateModified":"2026-04-06T14:34:29+00:00","description":"Get affordable motorcycle, boat, jet ski, and RV loans from Mint Valley FCU. Explore flexible rates, easy applications, and financing for all recreational vehicles.","breadcrumb":{"@id":"https:\/\/mintvalleyfcu.org\/motorcycle-recreational-loans\/#breadcrumb"},"inLanguage":"es","potentialAction":[{"@type":"ReadAction","target":["https:\/\/mintvalleyfcu.org\/motorcycle-recreational-loans\/"]}]},{"@type":"BreadcrumbList","@id":"https:\/\/mintvalleyfcu.org\/motorcycle-recreational-loans\/#breadcrumb","itemListElement":[{"@type":"ListItem","position":1,"name":"Home","item":"https:\/\/mintvalleyfcu.org\/"},{"@type":"ListItem","position":2,"name":"Motorcycle &amp; Recreational Loans"}]},{"@type":"WebSite","@id":"https:\/\/mintvalleyfcu.org\/#website","url":"https:\/\/mintvalleyfcu.org\/","name":"Mint Valley Federal Credit Union","description":"Si est\u00e1 buscando una cooperativa de cr\u00e9dito que lo trate m\u00e1s como familia que como un cliente m\u00e1s, Mint Valley Federal Credit Union es el lugar para usted.","publisher":{"@id":"https:\/\/mintvalleyfcu.org\/#organization"},"potentialAction":[{"@type":"SearchAction","target":{"@type":"EntryPoint","urlTemplate":"https:\/\/mintvalleyfcu.org\/?s={search_term_string}"},"query-input":{"@type":"PropertyValueSpecification","valueRequired":true,"valueName":"search_term_string"}}],"inLanguage":"es"},{"@type":"Organization","@id":"https:\/\/mintvalleyfcu.org\/#organization","name":"Mint Valley Federal Credit Union","url":"https:\/\/mintvalleyfcu.org\/","logo":{"@type":"ImageObject","inLanguage":"es","@id":"https:\/\/mintvalleyfcu.org\/#\/schema\/logo\/image\/","url":"https:\/\/mintvalleyfcu.org\/wp-content\/uploads\/2022\/02\/MintValley_logo_horizontal_90th_White-scaled.png","contentUrl":"https:\/\/mintvalleyfcu.org\/wp-content\/uploads\/2022\/02\/MintValley_logo_horizontal_90th_White-scaled.png","width":2560,"height":1047,"caption":"Mint Valley Federal Credit Union"},"image":{"@id":"https:\/\/mintvalleyfcu.org\/#\/schema\/logo\/image\/"}}]}},"featured_image_src":null,"featured_image_src_square":null,"_links":{"self":[{"href":"https:\/\/mintvalleyfcu.org\/es\/wp-json\/wp\/v2\/pages\/1312","targetHints":{"allow":["GET"]}}],"collection":[{"href":"https:\/\/mintvalleyfcu.org\/es\/wp-json\/wp\/v2\/pages"}],"about":[{"href":"https:\/\/mintvalleyfcu.org\/es\/wp-json\/wp\/v2\/types\/page"}],"author":[{"embeddable":true,"href":"https:\/\/mintvalleyfcu.org\/es\/wp-json\/wp\/v2\/users\/8"}],"replies":[{"embeddable":true,"href":"https:\/\/mintvalleyfcu.org\/es\/wp-json\/wp\/v2\/comments?post=1312"}],"version-history":[{"count":0,"href":"https:\/\/mintvalleyfcu.org\/es\/wp-json\/wp\/v2\/pages\/1312\/revisions"}],"wp:attachment":[{"href":"https:\/\/mintvalleyfcu.org\/es\/wp-json\/wp\/v2\/media?parent=1312"}],"wp:term":[{"taxonomy":"category","embeddable":true,"href":"https:\/\/mintvalleyfcu.org\/es\/wp-json\/wp\/v2\/categories?post=1312"},{"taxonomy":"post_tag","embeddable":true,"href":"https:\/\/mintvalleyfcu.org\/es\/wp-json\/wp\/v2\/tags?post=1312"}],"curies":[{"name":"wp","href":"https:\/\/api.w.org\/{rel}","templated":true}]}}