{"id":365,"date":"2022-03-09T21:34:24","date_gmt":"2022-03-09T21:34:24","guid":{"rendered":"https:\/\/mintvalleyfcu.org\/?page_id=365"},"modified":"2022-03-09T21:34:24","modified_gmt":"2022-03-09T21:34:24","slug":"drive-the-winter-blues-away","status":"publish","type":"page","link":"https:\/\/mintvalleyfcu.org\/es\/drive-the-winter-blues-away\/","title":{"rendered":"Drive The Winter Blues Away"},"content":{"rendered":"<p>Need something to get excited about to get rid of that cold seasonal slump? Drive the winter blues away by refinancing your auto loan with Mint Valley!<\/p>\n\n\n\n<p>Save up to 2% APR* when you refinance your auto loan from another lender to Mint Valley. That way you can drive through the wonderful winter weather knowing you\u2019re paying less on your auto loan!<\/p>\n\n\n\n<p>Don\u2019t let your auto loan leave you feeling stuck in the snow. Refinance your auto loan today!<\/p>\n\n\n\n<div class=\"wp-block-genesis-blocks-gb-button gb-block-button\"><a href=\"https:\/\/www.mobicint.net\/min\/login\/loanapp?CUID=min&amp;Action=ACT0142&amp;login=false\" target=\"_blank\" rel=\"noopener noreferrer\" class=\"gb-button gb-button-shape-rounded gb-button-size-medium\" style=\"color:#ffffff;background-color:#3373dc\">\u00a1Solicite hoy mismo!<\/a><\/div>","protected":false},"excerpt":{"rendered":"<p>Need something to get excited about to get rid of that cold seasonal slump? Drive the winter blues away by refinancing your auto loan with Mint Valley! Save up to 2% APR* when you refinance your auto loan from another lender to Mint Valley. That way you can drive through the wonderful winter weather knowing [&hellip;]<\/p>\n","protected":false},"author":2,"featured_media":160,"parent":0,"menu_order":0,"comment_status":"closed","ping_status":"closed","template":"","meta":{"_acf_changed":false,"content-type":"","footnotes":""},"categories":[12],"tags":[],"class_list":["post-365","page","type-page","status-publish","has-post-thumbnail","hentry","category-promo"],"acf":[],"yoast_head":"<!-- This site is optimized with the Yoast SEO plugin v27.2 - https:\/\/yoast.com\/product\/yoast-seo-wordpress\/ -->\n<title>Drive The Winter Blues Away - Mint Valley Federal Credit Union<\/title>\n<meta name=\"robots\" content=\"index, follow, max-snippet:-1, max-image-preview:large, max-video-preview:-1\" \/>\n<link rel=\"canonical\" href=\"https:\/\/mintvalleyfcu.org\/es\/drive-the-winter-blues-away\/\" \/>\n<meta property=\"og:locale\" content=\"es_ES\" \/>\n<meta property=\"og:type\" content=\"article\" \/>\n<meta property=\"og:title\" content=\"Drive The Winter Blues Away - Mint Valley Federal Credit Union\" \/>\n<meta property=\"og:description\" content=\"Need something to get excited about to get rid of that cold seasonal slump? Drive the winter blues away by refinancing your auto loan with Mint Valley! Save up to 2% APR* when you refinance your auto loan from another lender to Mint Valley. That way you can drive through the wonderful winter weather knowing [&hellip;]\" \/>\n<meta property=\"og:url\" content=\"https:\/\/mintvalleyfcu.org\/es\/drive-the-winter-blues-away\/\" \/>\n<meta property=\"og:site_name\" content=\"Mint Valley Federal Credit Union\" \/>\n<meta property=\"og:image\" content=\"https:\/\/mintvalleyfcu.org\/wp-content\/uploads\/2022\/02\/MintValley-AutoBanner.png\" \/>\n\t<meta property=\"og:image:width\" content=\"288\" \/>\n\t<meta property=\"og:image:height\" content=\"288\" \/>\n\t<meta property=\"og:image:type\" content=\"image\/png\" \/>\n<meta name=\"twitter:card\" content=\"summary_large_image\" \/>\n<meta name=\"twitter:label1\" content=\"Est. reading time\" \/>\n\t<meta name=\"twitter:data1\" content=\"1 minuto\" \/>\n<script type=\"application\/ld+json\" class=\"yoast-schema-graph\">{\"@context\":\"https:\/\/schema.org\",\"@graph\":[{\"@type\":\"WebPage\",\"@id\":\"https:\/\/mintvalleyfcu.org\/drive-the-winter-blues-away\/\",\"url\":\"https:\/\/mintvalleyfcu.org\/drive-the-winter-blues-away\/\",\"name\":\"Drive The Winter Blues Away - Mint Valley Federal Credit Union\",\"isPartOf\":{\"@id\":\"https:\/\/mintvalleyfcu.org\/#website\"},\"primaryImageOfPage\":{\"@id\":\"https:\/\/mintvalleyfcu.org\/drive-the-winter-blues-away\/#primaryimage\"},\"image\":{\"@id\":\"https:\/\/mintvalleyfcu.org\/drive-the-winter-blues-away\/#primaryimage\"},\"thumbnailUrl\":\"https:\/\/mintvalleyfcu.org\/wp-content\/uploads\/2022\/02\/MintValley-AutoBanner.png\",\"datePublished\":\"2022-03-09T21:34:24+00:00\",\"breadcrumb\":{\"@id\":\"https:\/\/mintvalleyfcu.org\/drive-the-winter-blues-away\/#breadcrumb\"},\"inLanguage\":\"es\",\"potentialAction\":[{\"@type\":\"ReadAction\",\"target\":[\"https:\/\/mintvalleyfcu.org\/drive-the-winter-blues-away\/\"]}]},{\"@type\":\"ImageObject\",\"inLanguage\":\"es\",\"@id\":\"https:\/\/mintvalleyfcu.org\/drive-the-winter-blues-away\/#primaryimage\",\"url\":\"https:\/\/mintvalleyfcu.org\/wp-content\/uploads\/2022\/02\/MintValley-AutoBanner.png\",\"contentUrl\":\"https:\/\/mintvalleyfcu.org\/wp-content\/uploads\/2022\/02\/MintValley-AutoBanner.png\",\"width\":288,\"height\":288,\"caption\":\"Car with smiling sun\"},{\"@type\":\"BreadcrumbList\",\"@id\":\"https:\/\/mintvalleyfcu.org\/drive-the-winter-blues-away\/#breadcrumb\",\"itemListElement\":[{\"@type\":\"ListItem\",\"position\":1,\"name\":\"Home\",\"item\":\"https:\/\/mintvalleyfcu.org\/\"},{\"@type\":\"ListItem\",\"position\":2,\"name\":\"Drive The Winter Blues Away\"}]},{\"@type\":\"WebSite\",\"@id\":\"https:\/\/mintvalleyfcu.org\/#website\",\"url\":\"https:\/\/mintvalleyfcu.org\/\",\"name\":\"Mint Valley Federal Credit Union\",\"description\":\"If you\u2019re looking for a credit union that treats you more like family than just another customer, Mint Valley Federal Credit Union is the place for you.\",\"publisher\":{\"@id\":\"https:\/\/mintvalleyfcu.org\/#organization\"},\"potentialAction\":[{\"@type\":\"SearchAction\",\"target\":{\"@type\":\"EntryPoint\",\"urlTemplate\":\"https:\/\/mintvalleyfcu.org\/?s={search_term_string}\"},\"query-input\":{\"@type\":\"PropertyValueSpecification\",\"valueRequired\":true,\"valueName\":\"search_term_string\"}}],\"inLanguage\":\"es\"},{\"@type\":\"Organization\",\"@id\":\"https:\/\/mintvalleyfcu.org\/#organization\",\"name\":\"Mint Valley Federal Credit Union\",\"url\":\"https:\/\/mintvalleyfcu.org\/\",\"logo\":{\"@type\":\"ImageObject\",\"inLanguage\":\"es\",\"@id\":\"https:\/\/mintvalleyfcu.org\/#\/schema\/logo\/image\/\",\"url\":\"https:\/\/mintvalleyfcu.org\/wp-content\/uploads\/2022\/02\/MintValley_logo_horizontal_90th_White-scaled.png\",\"contentUrl\":\"https:\/\/mintvalleyfcu.org\/wp-content\/uploads\/2022\/02\/MintValley_logo_horizontal_90th_White-scaled.png\",\"width\":2560,\"height\":1047,\"caption\":\"Mint Valley Federal Credit Union\"},\"image\":{\"@id\":\"https:\/\/mintvalleyfcu.org\/#\/schema\/logo\/image\/\"}}]}<\/script>\n<!-- \/ Yoast SEO plugin. -->","yoast_head_json":{"title":"Drive The Winter Blues Away - Mint Valley Federal Credit Union","robots":{"index":"index","follow":"follow","max-snippet":"max-snippet:-1","max-image-preview":"max-image-preview:large","max-video-preview":"max-video-preview:-1"},"canonical":"https:\/\/mintvalleyfcu.org\/es\/drive-the-winter-blues-away\/","og_locale":"es_ES","og_type":"article","og_title":"Drive The Winter Blues Away - Mint Valley Federal Credit Union","og_description":"Need something to get excited about to get rid of that cold seasonal slump? Drive the winter blues away by refinancing your auto loan with Mint Valley! Save up to 2% APR* when you refinance your auto loan from another lender to Mint Valley. That way you can drive through the wonderful winter weather knowing [&hellip;]","og_url":"https:\/\/mintvalleyfcu.org\/es\/drive-the-winter-blues-away\/","og_site_name":"Mint Valley Federal Credit Union","og_image":[{"width":288,"height":288,"url":"https:\/\/mintvalleyfcu.org\/wp-content\/uploads\/2022\/02\/MintValley-AutoBanner.png","type":"image\/png"}],"twitter_card":"summary_large_image","twitter_misc":{"Est. reading time":"1 minuto"},"schema":{"@context":"https:\/\/schema.org","@graph":[{"@type":"WebPage","@id":"https:\/\/mintvalleyfcu.org\/drive-the-winter-blues-away\/","url":"https:\/\/mintvalleyfcu.org\/drive-the-winter-blues-away\/","name":"Drive The Winter Blues Away - Mint Valley Federal Credit Union","isPartOf":{"@id":"https:\/\/mintvalleyfcu.org\/#website"},"primaryImageOfPage":{"@id":"https:\/\/mintvalleyfcu.org\/drive-the-winter-blues-away\/#primaryimage"},"image":{"@id":"https:\/\/mintvalleyfcu.org\/drive-the-winter-blues-away\/#primaryimage"},"thumbnailUrl":"https:\/\/mintvalleyfcu.org\/wp-content\/uploads\/2022\/02\/MintValley-AutoBanner.png","datePublished":"2022-03-09T21:34:24+00:00","breadcrumb":{"@id":"https:\/\/mintvalleyfcu.org\/drive-the-winter-blues-away\/#breadcrumb"},"inLanguage":"es","potentialAction":[{"@type":"ReadAction","target":["https:\/\/mintvalleyfcu.org\/drive-the-winter-blues-away\/"]}]},{"@type":"ImageObject","inLanguage":"es","@id":"https:\/\/mintvalleyfcu.org\/drive-the-winter-blues-away\/#primaryimage","url":"https:\/\/mintvalleyfcu.org\/wp-content\/uploads\/2022\/02\/MintValley-AutoBanner.png","contentUrl":"https:\/\/mintvalleyfcu.org\/wp-content\/uploads\/2022\/02\/MintValley-AutoBanner.png","width":288,"height":288,"caption":"Car with smiling sun"},{"@type":"BreadcrumbList","@id":"https:\/\/mintvalleyfcu.org\/drive-the-winter-blues-away\/#breadcrumb","itemListElement":[{"@type":"ListItem","position":1,"name":"Home","item":"https:\/\/mintvalleyfcu.org\/"},{"@type":"ListItem","position":2,"name":"Drive The Winter Blues Away"}]},{"@type":"WebSite","@id":"https:\/\/mintvalleyfcu.org\/#website","url":"https:\/\/mintvalleyfcu.org\/","name":"Mint Valley Federal Credit Union","description":"Si est\u00e1 buscando una cooperativa de cr\u00e9dito que lo trate m\u00e1s como familia que como un cliente m\u00e1s, Mint Valley Federal Credit Union es el lugar para usted.","publisher":{"@id":"https:\/\/mintvalleyfcu.org\/#organization"},"potentialAction":[{"@type":"SearchAction","target":{"@type":"EntryPoint","urlTemplate":"https:\/\/mintvalleyfcu.org\/?s={search_term_string}"},"query-input":{"@type":"PropertyValueSpecification","valueRequired":true,"valueName":"search_term_string"}}],"inLanguage":"es"},{"@type":"Organization","@id":"https:\/\/mintvalleyfcu.org\/#organization","name":"Mint Valley Federal Credit Union","url":"https:\/\/mintvalleyfcu.org\/","logo":{"@type":"ImageObject","inLanguage":"es","@id":"https:\/\/mintvalleyfcu.org\/#\/schema\/logo\/image\/","url":"https:\/\/mintvalleyfcu.org\/wp-content\/uploads\/2022\/02\/MintValley_logo_horizontal_90th_White-scaled.png","contentUrl":"https:\/\/mintvalleyfcu.org\/wp-content\/uploads\/2022\/02\/MintValley_logo_horizontal_90th_White-scaled.png","width":2560,"height":1047,"caption":"Mint Valley Federal Credit Union"},"image":{"@id":"https:\/\/mintvalleyfcu.org\/#\/schema\/logo\/image\/"}}]}},"featured_image_src":"https:\/\/mintvalleyfcu.org\/wp-content\/uploads\/2022\/02\/MintValley-AutoBanner.png","featured_image_src_square":"https:\/\/mintvalleyfcu.org\/wp-content\/uploads\/2022\/02\/MintValley-AutoBanner.png","_links":{"self":[{"href":"https:\/\/mintvalleyfcu.org\/es\/wp-json\/wp\/v2\/pages\/365","targetHints":{"allow":["GET"]}}],"collection":[{"href":"https:\/\/mintvalleyfcu.org\/es\/wp-json\/wp\/v2\/pages"}],"about":[{"href":"https:\/\/mintvalleyfcu.org\/es\/wp-json\/wp\/v2\/types\/page"}],"author":[{"embeddable":true,"href":"https:\/\/mintvalleyfcu.org\/es\/wp-json\/wp\/v2\/users\/2"}],"replies":[{"embeddable":true,"href":"https:\/\/mintvalleyfcu.org\/es\/wp-json\/wp\/v2\/comments?post=365"}],"version-history":[{"count":0,"href":"https:\/\/mintvalleyfcu.org\/es\/wp-json\/wp\/v2\/pages\/365\/revisions"}],"wp:featuredmedia":[{"embeddable":true,"href":"https:\/\/mintvalleyfcu.org\/es\/wp-json\/wp\/v2\/media\/160"}],"wp:attachment":[{"href":"https:\/\/mintvalleyfcu.org\/es\/wp-json\/wp\/v2\/media?parent=365"}],"wp:term":[{"taxonomy":"category","embeddable":true,"href":"https:\/\/mintvalleyfcu.org\/es\/wp-json\/wp\/v2\/categories?post=365"},{"taxonomy":"post_tag","embeddable":true,"href":"https:\/\/mintvalleyfcu.org\/es\/wp-json\/wp\/v2\/tags?post=365"}],"curies":[{"name":"wp","href":"https:\/\/api.w.org\/{rel}","templated":true}]}}