{"id":472,"date":"2022-04-27T14:06:09","date_gmt":"2022-04-27T14:06:09","guid":{"rendered":"https:\/\/mintvalleyfcu.org\/?page_id=472"},"modified":"2024-03-21T12:38:07","modified_gmt":"2024-03-21T12:38:07","slug":"accesibilidad","status":"publish","type":"page","link":"https:\/\/mintvalleyfcu.org\/es\/accessibility\/","title":{"rendered":"Accesibilidad"},"content":{"rendered":"<div data-elementor-type=\"wp-page\" data-elementor-id=\"472\" class=\"elementor elementor-472\" data-elementor-post-type=\"page\">\n\t\t\t\t\t\t<section class=\"elementor-section elementor-top-section elementor-element elementor-element-16efa411 elementor-section-height-min-height elementor-section-content-middle elementor-section-boxed elementor-section-height-default elementor-section-items-middle\" data-id=\"16efa411\" data-element_type=\"section\" data-e-type=\"section\" data-settings=\"{&quot;background_background&quot;:&quot;classic&quot;,&quot;shape_divider_bottom&quot;:&quot;curve&quot;}\">\n\t\t\t\t\t<div class=\"elementor-shape elementor-shape-bottom\" aria-hidden=\"true\" data-negative=\"false\">\n\t\t\t<svg xmlns=\"http:\/\/www.w3.org\/2000\/svg\" viewbox=\"0 0 1000 100\" preserveaspectratio=\"none\">\n    <path class=\"elementor-shape-fill\" d=\"M1000,4.3V0H0v4.3C0.9,23.1,126.7,99.2,500,100S1000,22.7,1000,4.3z\"\/>\n<\/svg>\t\t<\/div>\n\t\t\t\t\t<div class=\"elementor-container elementor-column-gap-no\">\n\t\t\t\t\t<div class=\"elementor-column elementor-col-50 elementor-top-column elementor-element elementor-element-544c37aa\" data-id=\"544c37aa\" data-element_type=\"column\" data-e-type=\"column\">\n\t\t\t<div class=\"elementor-widget-wrap elementor-element-populated\">\n\t\t\t\t\t\t<div class=\"elementor-element elementor-element-73e589a8 elementor-widget elementor-widget-heading\" data-id=\"73e589a8\" data-element_type=\"widget\" data-e-type=\"widget\" data-widget_type=\"heading.default\">\n\t\t\t\t<div class=\"elementor-widget-container\">\n\t\t\t\t\t<h1 class=\"elementor-heading-title elementor-size-default\">Accesibilidad<\/h1>\t\t\t\t<\/div>\n\t\t\t\t<\/div>\n\t\t\t\t<div class=\"elementor-element elementor-element-a8bf5e7 elementor-widget elementor-widget-text-editor\" data-id=\"a8bf5e7\" data-element_type=\"widget\" data-e-type=\"widget\" data-widget_type=\"text-editor.default\">\n\t\t\t\t<div class=\"elementor-widget-container\">\n\t\t\t\t\t\t\t\t\tMint Valley Federal Credit Union se esfuerza por garantizar que sus servicios sean accesibles para las personas con discapacidades. Mint Valley Federal Credit Union ha invertido una cantidad significativa de recursos para ayudar a garantizar que su sitio web sea m\u00e1s f\u00e1cil de usar y m\u00e1s accesible para las personas con discapacidad, con la firme convicci\u00f3n de que todas las personas tienen derecho a vivir con dignidad, igualdad, comodidad e independencia.\t\t\t\t\t\t\t\t<\/div>\n\t\t\t\t<\/div>\n\t\t\t\t<div class=\"elementor-element elementor-element-61bbb627 elementor-widget elementor-widget-spacer\" data-id=\"61bbb627\" data-element_type=\"widget\" data-e-type=\"widget\" data-widget_type=\"spacer.default\">\n\t\t\t\t<div class=\"elementor-widget-container\">\n\t\t\t\t\t\t\t<div class=\"elementor-spacer\">\n\t\t\t<div class=\"elementor-spacer-inner\"><\/div>\n\t\t<\/div>\n\t\t\t\t\t\t<\/div>\n\t\t\t\t<\/div>\n\t\t\t\t\t<\/div>\n\t\t<\/div>\n\t\t\t\t<div class=\"elementor-column elementor-col-50 elementor-top-column elementor-element elementor-element-376aa9e1\" data-id=\"376aa9e1\" data-element_type=\"column\" data-e-type=\"column\">\n\t\t\t<div class=\"elementor-widget-wrap elementor-element-populated\">\n\t\t\t\t\t\t<div class=\"elementor-element elementor-element-b2e82 e-transform elementor-widget elementor-widget-image\" data-id=\"b2e82\" data-element_type=\"widget\" data-e-type=\"widget\" data-settings=\"{&quot;_transform_rotateZ_effect&quot;:{&quot;unit&quot;:&quot;px&quot;,&quot;size&quot;:-2,&quot;sizes&quot;:[]},&quot;_transform_rotateZ_effect_tablet&quot;:{&quot;unit&quot;:&quot;deg&quot;,&quot;size&quot;:&quot;&quot;,&quot;sizes&quot;:[]},&quot;_transform_rotateZ_effect_mobile&quot;:{&quot;unit&quot;:&quot;deg&quot;,&quot;size&quot;:&quot;&quot;,&quot;sizes&quot;:[]}}\" data-widget_type=\"image.default\">\n\t\t\t\t<div class=\"elementor-widget-container\">\n\t\t\t\t\t\t\t\t\t\t\t\t\t\t\t<img fetchpriority=\"high\" decoding=\"async\" width=\"470\" height=\"470\" src=\"https:\/\/mintvalleyfcu.org\/wp-content\/uploads\/2022\/04\/accessible-mv.png\" class=\"attachment-large size-large wp-image-474\" alt=\"Mujer sentada en silla de ruedas mientras se inclina sobre el escritorio para teclear en el port\u00e1til\" srcset=\"https:\/\/mintvalleyfcu.org\/wp-content\/uploads\/2022\/04\/accessible-mv.png 470w, https:\/\/mintvalleyfcu.org\/wp-content\/uploads\/2022\/04\/accessible-mv-300x300.png 300w, https:\/\/mintvalleyfcu.org\/wp-content\/uploads\/2022\/04\/accessible-mv-150x150.png 150w\" sizes=\"(max-width: 470px) 100vw, 470px\" \/>\t\t\t\t\t\t\t\t\t\t\t\t\t\t\t<\/div>\n\t\t\t\t<\/div>\n\t\t\t\t\t<\/div>\n\t\t<\/div>\n\t\t\t\t\t<\/div>\n\t\t<\/section>\n\t\t\t\t<section class=\"elementor-section elementor-top-section elementor-element elementor-element-3e48c43c elementor-section-boxed elementor-section-height-default elementor-section-height-default\" data-id=\"3e48c43c\" data-element_type=\"section\" data-e-type=\"section\">\n\t\t\t\t\t\t<div class=\"elementor-container elementor-column-gap-default\">\n\t\t\t\t\t<div class=\"elementor-column elementor-col-100 elementor-top-column elementor-element elementor-element-601f03f1\" data-id=\"601f03f1\" data-element_type=\"column\" data-e-type=\"column\">\n\t\t\t<div class=\"elementor-widget-wrap elementor-element-populated\">\n\t\t\t\t\t\t<div class=\"elementor-element elementor-element-9b940b9 elementor-widget elementor-widget-text-editor\" data-id=\"9b940b9\" data-element_type=\"widget\" data-e-type=\"widget\" data-widget_type=\"text-editor.default\">\n\t\t\t\t<div class=\"elementor-widget-container\">\n\t\t\t\t\t\t\t\t\tActualizado: Enero, 2024\t\t\t\t\t\t\t\t<\/div>\n\t\t\t\t<\/div>\n\t\t\t\t<div class=\"elementor-element elementor-element-11af36f3 elementor-widget elementor-widget-text-editor\" data-id=\"11af36f3\" data-element_type=\"widget\" data-e-type=\"widget\" data-widget_type=\"text-editor.default\">\n\t\t\t\t<div class=\"elementor-widget-container\">\n\t\t\t\t\t\t\t\t\t\n<h2>Accesibilidad en Mintvalleyfcu.org<\/h2>\n\n\n\n\n\n<p>Mintvalleyfcu.org pone a su disposici\u00f3n el\u00a0<a href=\"https:\/\/UserWay.org\">Widget de accesibilidad del sitio web UserWay<\/a>\u00a0que funciona con un servidor dedicado a la accesibilidad. El software permite a Mintvalleyfcu.org mejorar su cumplimiento de las Pautas de Accesibilidad al Contenido en la Web (WCAG 2.1).<\/p>\n\n\n\n<h2 class=\"wp-block-heading\">Activar el men\u00fa de accesibilidad<\/h2>\n\n\n\n<p>El men\u00fa de accesibilidad de Mintvalleyfcu.org puede activarse pulsando la tecla de tabulaci\u00f3n cuando la p\u00e1gina se carga por primera vez o haciendo clic en el icono del men\u00fa de accesibilidad que aparece en la esquina de la p\u00e1gina. Despu\u00e9s de activar el men\u00fa de accesibilidad, espere un momento a que se cargue por completo.<\/p>\n\n\n\n<h2 class=\"wp-block-heading\">Descargo de responsabilidad<\/h2>\n\n\n\n<p>Mint Valley Federal Credit Union sigue esforz\u00e1ndose por mejorar constantemente la accesibilidad de su sitio web y sus servicios en la creencia de que es nuestra obligaci\u00f3n moral colectiva permitir un uso fluido, accesible y sin obst\u00e1culos tambi\u00e9n para aquellos de nosotros con discapacidades.<\/p>\n\n\n\n<p>En un esfuerzo continuo por mejorar y corregir los problemas de accesibilidad, tambi\u00e9n escaneamos regularmente Mintvalleyfcu.org con la herramienta de UserWay\u00a0<a href=\"https:\/\/UserWay.org\/scanner\">Esc\u00e1ner de accesibilidad<\/a>\u00a0para identificar y solucionar todas las posibles barreras de accesibilidad en nuestro sitio. A pesar de nuestros esfuerzos por hacer que todas las p\u00e1ginas y contenidos de Mintvalleyfcu.org sean plenamente accesibles, es posible que algunos contenidos a\u00fan no se hayan adaptado completamente a las normas de accesibilidad m\u00e1s estrictas. Esto puede ser consecuencia de no haber encontrado o identificado la soluci\u00f3n tecnol\u00f3gica m\u00e1s adecuada.<\/p>\n\n\n\n<h2 class=\"wp-block-heading\">Aqu\u00ed para ti<\/h2>\n\n\n\n<p>Si tiene dificultades con alg\u00fan contenido de Mintvalleyfcu.org o necesita ayuda con alguna parte de nuestro sitio, p\u00f3ngase en contacto con nosotros durante el horario laboral habitual que se detalla a continuaci\u00f3n y estaremos encantados de ayudarle.<\/p>\n\n\n\n<h2 class=\"wp-block-heading\">Contacte con nosotros<\/h2>\n\n\n\n<p>Si desea informar de un problema de accesibilidad, tiene alguna pregunta o necesita ayuda, p\u00f3ngase en contacto con el servicio de atenci\u00f3n al cliente de Mint Valley Federal Credit Union de la siguiente manera:<\/p>\n\n\n\n<p>Correo electr\u00f3nico:\u00a0<a href=\"mailto:dori@mintvalleyfcu.org\">dori@mintvalleyfcu.org<\/a><\/p>\n\t\t\t\t\t\t\t\t<\/div>\n\t\t\t\t<\/div>\n\t\t\t\t\t<\/div>\n\t\t<\/div>\n\t\t\t\t\t<\/div>\n\t\t<\/section>\n\t\t\t\t<\/div>","protected":false},"excerpt":{"rendered":"<p>Accessibility Mint Valley Federal Credit Union strives to ensure that its services are accessible to people with disabilities. Mint Valley Federal Credit Union has invested a significant amount of resources to help ensure that its website is made easier to use and more accessible for people with disabilities, with the strong belief that every person [&hellip;]<\/p>\n","protected":false},"author":2,"featured_media":474,"parent":0,"menu_order":0,"comment_status":"closed","ping_status":"closed","template":"","meta":{"_acf_changed":false,"content-type":"","footnotes":""},"categories":[],"tags":[],"class_list":["post-472","page","type-page","status-publish","has-post-thumbnail","hentry"],"acf":[],"yoast_head":"<!-- This site is optimized with the Yoast SEO plugin v27.4 - https:\/\/yoast.com\/product\/yoast-seo-wordpress\/ -->\n<title>Accessibility - Mint Valley Federal Credit Union<\/title>\n<meta name=\"robots\" content=\"index, follow, max-snippet:-1, max-image-preview:large, max-video-preview:-1\" \/>\n<link rel=\"canonical\" href=\"https:\/\/mintvalleyfcu.org\/es\/accesibilidad\/\" \/>\n<meta property=\"og:locale\" content=\"es_ES\" \/>\n<meta property=\"og:type\" content=\"article\" \/>\n<meta property=\"og:title\" content=\"Accessibility - Mint Valley Federal Credit Union\" \/>\n<meta property=\"og:description\" content=\"Accessibility Mint Valley Federal Credit Union strives to ensure that its services are accessible to people with disabilities. Mint Valley Federal Credit Union has invested a significant amount of resources to help ensure that its website is made easier to use and more accessible for people with disabilities, with the strong belief that every person [&hellip;]\" \/>\n<meta property=\"og:url\" content=\"https:\/\/mintvalleyfcu.org\/es\/accesibilidad\/\" \/>\n<meta property=\"og:site_name\" content=\"Mint Valley Federal Credit Union\" \/>\n<meta property=\"article:modified_time\" content=\"2024-03-21T12:38:07+00:00\" \/>\n<meta property=\"og:image\" content=\"https:\/\/mintvalleyfcu.org\/wp-content\/uploads\/2022\/04\/accessible-mv.png\" \/>\n\t<meta property=\"og:image:width\" content=\"470\" \/>\n\t<meta property=\"og:image:height\" content=\"470\" \/>\n\t<meta property=\"og:image:type\" content=\"image\/png\" \/>\n<meta name=\"twitter:card\" content=\"summary_large_image\" \/>\n<meta name=\"twitter:label1\" content=\"Est. reading time\" \/>\n\t<meta name=\"twitter:data1\" content=\"2 minutos\" \/>\n<script type=\"application\/ld+json\" class=\"yoast-schema-graph\">{\"@context\":\"https:\\\/\\\/schema.org\",\"@graph\":[{\"@type\":\"WebPage\",\"@id\":\"https:\\\/\\\/mintvalleyfcu.org\\\/accessibility\\\/\",\"url\":\"https:\\\/\\\/mintvalleyfcu.org\\\/accessibility\\\/\",\"name\":\"Accessibility - Mint Valley Federal Credit Union\",\"isPartOf\":{\"@id\":\"https:\\\/\\\/mintvalleyfcu.org\\\/#website\"},\"primaryImageOfPage\":{\"@id\":\"https:\\\/\\\/mintvalleyfcu.org\\\/accessibility\\\/#primaryimage\"},\"image\":{\"@id\":\"https:\\\/\\\/mintvalleyfcu.org\\\/accessibility\\\/#primaryimage\"},\"thumbnailUrl\":\"https:\\\/\\\/mintvalleyfcu.org\\\/wp-content\\\/uploads\\\/2022\\\/04\\\/accessible-mv.png\",\"datePublished\":\"2022-04-27T14:06:09+00:00\",\"dateModified\":\"2024-03-21T12:38:07+00:00\",\"breadcrumb\":{\"@id\":\"https:\\\/\\\/mintvalleyfcu.org\\\/accessibility\\\/#breadcrumb\"},\"inLanguage\":\"es\",\"potentialAction\":[{\"@type\":\"ReadAction\",\"target\":[\"https:\\\/\\\/mintvalleyfcu.org\\\/accessibility\\\/\"]}]},{\"@type\":\"ImageObject\",\"inLanguage\":\"es\",\"@id\":\"https:\\\/\\\/mintvalleyfcu.org\\\/accessibility\\\/#primaryimage\",\"url\":\"https:\\\/\\\/mintvalleyfcu.org\\\/wp-content\\\/uploads\\\/2022\\\/04\\\/accessible-mv.png\",\"contentUrl\":\"https:\\\/\\\/mintvalleyfcu.org\\\/wp-content\\\/uploads\\\/2022\\\/04\\\/accessible-mv.png\",\"width\":470,\"height\":470,\"caption\":\"Woman sitting in wheelchair while leaning over desk to type on laptop\"},{\"@type\":\"BreadcrumbList\",\"@id\":\"https:\\\/\\\/mintvalleyfcu.org\\\/accessibility\\\/#breadcrumb\",\"itemListElement\":[{\"@type\":\"ListItem\",\"position\":1,\"name\":\"Home\",\"item\":\"https:\\\/\\\/mintvalleyfcu.org\\\/\"},{\"@type\":\"ListItem\",\"position\":2,\"name\":\"Accessibility\"}]},{\"@type\":\"WebSite\",\"@id\":\"https:\\\/\\\/mintvalleyfcu.org\\\/#website\",\"url\":\"https:\\\/\\\/mintvalleyfcu.org\\\/\",\"name\":\"Mint Valley Federal Credit Union\",\"description\":\"If you\u2019re looking for a credit union that treats you more like family than just another customer, Mint Valley Federal Credit Union is the place for you.\",\"publisher\":{\"@id\":\"https:\\\/\\\/mintvalleyfcu.org\\\/#organization\"},\"potentialAction\":[{\"@type\":\"SearchAction\",\"target\":{\"@type\":\"EntryPoint\",\"urlTemplate\":\"https:\\\/\\\/mintvalleyfcu.org\\\/?s={search_term_string}\"},\"query-input\":{\"@type\":\"PropertyValueSpecification\",\"valueRequired\":true,\"valueName\":\"search_term_string\"}}],\"inLanguage\":\"es\"},{\"@type\":\"Organization\",\"@id\":\"https:\\\/\\\/mintvalleyfcu.org\\\/#organization\",\"name\":\"Mint Valley Federal Credit Union\",\"url\":\"https:\\\/\\\/mintvalleyfcu.org\\\/\",\"logo\":{\"@type\":\"ImageObject\",\"inLanguage\":\"es\",\"@id\":\"https:\\\/\\\/mintvalleyfcu.org\\\/#\\\/schema\\\/logo\\\/image\\\/\",\"url\":\"https:\\\/\\\/mintvalleyfcu.org\\\/wp-content\\\/uploads\\\/2022\\\/02\\\/MintValley_logo_horizontal_90th_White-scaled.png\",\"contentUrl\":\"https:\\\/\\\/mintvalleyfcu.org\\\/wp-content\\\/uploads\\\/2022\\\/02\\\/MintValley_logo_horizontal_90th_White-scaled.png\",\"width\":2560,\"height\":1047,\"caption\":\"Mint Valley Federal Credit Union\"},\"image\":{\"@id\":\"https:\\\/\\\/mintvalleyfcu.org\\\/#\\\/schema\\\/logo\\\/image\\\/\"}}]}<\/script>\n<!-- \/ Yoast SEO plugin. -->","yoast_head_json":{"title":"Accesibilidad - Mint Valley Federal Credit Union","robots":{"index":"index","follow":"follow","max-snippet":"max-snippet:-1","max-image-preview":"max-image-preview:large","max-video-preview":"max-video-preview:-1"},"canonical":"https:\/\/mintvalleyfcu.org\/es\/accesibilidad\/","og_locale":"es_ES","og_type":"article","og_title":"Accessibility - Mint Valley Federal Credit Union","og_description":"Accessibility Mint Valley Federal Credit Union strives to ensure that its services are accessible to people with disabilities. Mint Valley Federal Credit Union has invested a significant amount of resources to help ensure that its website is made easier to use and more accessible for people with disabilities, with the strong belief that every person [&hellip;]","og_url":"https:\/\/mintvalleyfcu.org\/es\/accesibilidad\/","og_site_name":"Mint Valley Federal Credit Union","article_modified_time":"2024-03-21T12:38:07+00:00","og_image":[{"width":470,"height":470,"url":"https:\/\/mintvalleyfcu.org\/wp-content\/uploads\/2022\/04\/accessible-mv.png","type":"image\/png"}],"twitter_card":"summary_large_image","twitter_misc":{"Est. reading time":"2 minutos"},"schema":{"@context":"https:\/\/schema.org","@graph":[{"@type":"WebPage","@id":"https:\/\/mintvalleyfcu.org\/accessibility\/","url":"https:\/\/mintvalleyfcu.org\/accessibility\/","name":"Accesibilidad - Mint Valley Federal Credit Union","isPartOf":{"@id":"https:\/\/mintvalleyfcu.org\/#website"},"primaryImageOfPage":{"@id":"https:\/\/mintvalleyfcu.org\/accessibility\/#primaryimage"},"image":{"@id":"https:\/\/mintvalleyfcu.org\/accessibility\/#primaryimage"},"thumbnailUrl":"https:\/\/mintvalleyfcu.org\/wp-content\/uploads\/2022\/04\/accessible-mv.png","datePublished":"2022-04-27T14:06:09+00:00","dateModified":"2024-03-21T12:38:07+00:00","breadcrumb":{"@id":"https:\/\/mintvalleyfcu.org\/accessibility\/#breadcrumb"},"inLanguage":"es","potentialAction":[{"@type":"ReadAction","target":["https:\/\/mintvalleyfcu.org\/accessibility\/"]}]},{"@type":"ImageObject","inLanguage":"es","@id":"https:\/\/mintvalleyfcu.org\/accessibility\/#primaryimage","url":"https:\/\/mintvalleyfcu.org\/wp-content\/uploads\/2022\/04\/accessible-mv.png","contentUrl":"https:\/\/mintvalleyfcu.org\/wp-content\/uploads\/2022\/04\/accessible-mv.png","width":470,"height":470,"caption":"Woman sitting in wheelchair while leaning over desk to type on laptop"},{"@type":"BreadcrumbList","@id":"https:\/\/mintvalleyfcu.org\/accessibility\/#breadcrumb","itemListElement":[{"@type":"ListItem","position":1,"name":"Home","item":"https:\/\/mintvalleyfcu.org\/"},{"@type":"ListItem","position":2,"name":"Accessibility"}]},{"@type":"WebSite","@id":"https:\/\/mintvalleyfcu.org\/#website","url":"https:\/\/mintvalleyfcu.org\/","name":"Mint Valley Federal Credit Union","description":"Si est\u00e1 buscando una cooperativa de cr\u00e9dito que lo trate m\u00e1s como familia que como un cliente m\u00e1s, Mint Valley Federal Credit Union es el lugar para usted.","publisher":{"@id":"https:\/\/mintvalleyfcu.org\/#organization"},"potentialAction":[{"@type":"SearchAction","target":{"@type":"EntryPoint","urlTemplate":"https:\/\/mintvalleyfcu.org\/?s={search_term_string}"},"query-input":{"@type":"PropertyValueSpecification","valueRequired":true,"valueName":"search_term_string"}}],"inLanguage":"es"},{"@type":"Organization","@id":"https:\/\/mintvalleyfcu.org\/#organization","name":"Mint Valley Federal Credit Union","url":"https:\/\/mintvalleyfcu.org\/","logo":{"@type":"ImageObject","inLanguage":"es","@id":"https:\/\/mintvalleyfcu.org\/#\/schema\/logo\/image\/","url":"https:\/\/mintvalleyfcu.org\/wp-content\/uploads\/2022\/02\/MintValley_logo_horizontal_90th_White-scaled.png","contentUrl":"https:\/\/mintvalleyfcu.org\/wp-content\/uploads\/2022\/02\/MintValley_logo_horizontal_90th_White-scaled.png","width":2560,"height":1047,"caption":"Mint Valley Federal Credit Union"},"image":{"@id":"https:\/\/mintvalleyfcu.org\/#\/schema\/logo\/image\/"}}]}},"featured_image_src":"https:\/\/mintvalleyfcu.org\/wp-content\/uploads\/2022\/04\/accessible-mv-470x400.png","featured_image_src_square":"https:\/\/mintvalleyfcu.org\/wp-content\/uploads\/2022\/04\/accessible-mv.png","_links":{"self":[{"href":"https:\/\/mintvalleyfcu.org\/es\/wp-json\/wp\/v2\/pages\/472","targetHints":{"allow":["GET"]}}],"collection":[{"href":"https:\/\/mintvalleyfcu.org\/es\/wp-json\/wp\/v2\/pages"}],"about":[{"href":"https:\/\/mintvalleyfcu.org\/es\/wp-json\/wp\/v2\/types\/page"}],"author":[{"embeddable":true,"href":"https:\/\/mintvalleyfcu.org\/es\/wp-json\/wp\/v2\/users\/2"}],"replies":[{"embeddable":true,"href":"https:\/\/mintvalleyfcu.org\/es\/wp-json\/wp\/v2\/comments?post=472"}],"version-history":[{"count":0,"href":"https:\/\/mintvalleyfcu.org\/es\/wp-json\/wp\/v2\/pages\/472\/revisions"}],"wp:featuredmedia":[{"embeddable":true,"href":"https:\/\/mintvalleyfcu.org\/es\/wp-json\/wp\/v2\/media\/474"}],"wp:attachment":[{"href":"https:\/\/mintvalleyfcu.org\/es\/wp-json\/wp\/v2\/media?parent=472"}],"wp:term":[{"taxonomy":"category","embeddable":true,"href":"https:\/\/mintvalleyfcu.org\/es\/wp-json\/wp\/v2\/categories?post=472"},{"taxonomy":"post_tag","embeddable":true,"href":"https:\/\/mintvalleyfcu.org\/es\/wp-json\/wp\/v2\/tags?post=472"}],"curies":[{"name":"wp","href":"https:\/\/api.w.org\/{rel}","templated":true}]}}