{"id":925,"date":"2023-09-07T20:15:22","date_gmt":"2023-09-07T20:15:22","guid":{"rendered":"https:\/\/mintvalleyfcu.org\/?page_id=925"},"modified":"2026-04-08T18:53:52","modified_gmt":"2026-04-08T18:53:52","slug":"text-announce-mints","status":"publish","type":"page","link":"https:\/\/mintvalleyfcu.org\/es\/text-announce-mints\/","title":{"rendered":"Text Announce-Mints!"},"content":{"rendered":"<div data-elementor-type=\"wp-page\" data-elementor-id=\"925\" class=\"elementor elementor-925\" data-elementor-post-type=\"page\">\n\t\t\t\t\t\t<section class=\"elementor-section elementor-top-section elementor-element elementor-element-2c3cd25e elementor-section-boxed elementor-section-height-default elementor-section-height-default\" data-id=\"2c3cd25e\" data-element_type=\"section\" data-e-type=\"section\">\n\t\t\t\t\t\t<div class=\"elementor-container elementor-column-gap-default\">\n\t\t\t\t\t<div class=\"elementor-column elementor-col-100 elementor-top-column elementor-element elementor-element-529c161\" data-id=\"529c161\" data-element_type=\"column\" data-e-type=\"column\">\n\t\t\t<div class=\"elementor-widget-wrap elementor-element-populated\">\n\t\t\t\t\t\t<div class=\"elementor-element elementor-element-faf818d elementor-widget elementor-widget-image\" data-id=\"faf818d\" data-element_type=\"widget\" data-e-type=\"widget\" data-widget_type=\"image.default\">\n\t\t\t\t<div class=\"elementor-widget-container\">\n\t\t\t\t\t\t\t\t\t\t\t\t\t\t\t<img decoding=\"async\" src=\"https:\/\/mintvalleyfcu.org\/wp-content\/uploads\/elementor\/thumbs\/image-qkbuf22mdco7jyxtywob5rqf3gqq7gjwebdwnxfis0.png\" title=\"image\" alt=\"Scan to enroll QR code\" loading=\"lazy\" \/>\t\t\t\t\t\t\t\t\t\t\t\t\t\t\t<\/div>\n\t\t\t\t<\/div>\n\t\t\t\t<div class=\"elementor-element elementor-element-77158fa2 elementor-widget elementor-widget-text-editor\" data-id=\"77158fa2\" data-element_type=\"widget\" data-e-type=\"widget\" data-widget_type=\"text-editor.default\">\n\t\t\t\t<div class=\"elementor-widget-container\">\n\t\t\t\t\t\t\t\t\t<p><\/p>\n<p>Stay updated effortlessly in our fast-paced world with our Text Announce-Mints! Receive tailored insights directly on your phone, ensuring you never miss out on invest-mints, encourage-mints, and budgeting improve-mints!\u00a0<\/p>\n<p><\/p>\n<p>Unlock the potential of your money! Announce-Mints provide expert tips, real-time market insights, and investment opportunities aligned with your goals. Whether a newbie or pro, let Text Announce-Mint guide you to smarter financial decisions.<\/p>\n<p><\/p>\n<p>As a valued member of our Announce-Mint community, you&#8217;ll be up to date on branch closures, emergency updates, promotions, and have the ability to chat 101 with a Mint Valley employee. Join Text Announce-Mint today and take a minty-fresh step towards a brighter financial future!\u00a0<\/p>\n<p><\/p>\n<p>Join by texting MintCU, or scanning the QR code above,\u00a0 to 1-360-644-6539 today.<\/p>\n<p>\u00a0<\/p>\n<p><em>*Message and data rates may apply. Reply HELP for help or STOP to cancel at any time. See credit union for details. Federally insured by NCUA.<\/em><\/p>\n<p><\/p>\t\t\t\t\t\t\t\t<\/div>\n\t\t\t\t<\/div>\n\t\t\t\t\t<\/div>\n\t\t<\/div>\n\t\t\t\t\t<\/div>\n\t\t<\/section>\n\t\t\t\t<\/div>","protected":false},"excerpt":{"rendered":"<p>Stay updated effortlessly in our fast-paced world with our Text Announce-Mints! Receive tailored insights directly on your phone, ensuring you never miss out on invest-mints, encourage-mints, and budgeting improve-mints!\u00a0 Unlock the potential of your money! Announce-Mints provide expert tips, real-time market insights, and investment opportunities aligned with your goals. Whether a newbie or pro, let [&hellip;]<\/p>\n","protected":false},"author":2,"featured_media":926,"parent":0,"menu_order":0,"comment_status":"closed","ping_status":"closed","template":"","meta":{"_acf_changed":false,"content-type":"","footnotes":""},"categories":[12],"tags":[],"class_list":["post-925","page","type-page","status-publish","has-post-thumbnail","hentry","category-promo"],"acf":[],"yoast_head":"<!-- This site is optimized with the Yoast SEO plugin v27.4 - https:\/\/yoast.com\/product\/yoast-seo-wordpress\/ -->\n<title>Text Announce-Mints! - Mint Valley Federal Credit Union<\/title>\n<meta name=\"robots\" content=\"index, follow, max-snippet:-1, max-image-preview:large, max-video-preview:-1\" \/>\n<link rel=\"canonical\" href=\"https:\/\/mintvalleyfcu.org\/es\/text-announce-mints\/\" \/>\n<meta property=\"og:locale\" content=\"es_ES\" \/>\n<meta property=\"og:type\" content=\"article\" \/>\n<meta property=\"og:title\" content=\"Text Announce-Mints! - Mint Valley Federal Credit Union\" \/>\n<meta property=\"og:description\" content=\"Stay updated effortlessly in our fast-paced world with our Text Announce-Mints! Receive tailored insights directly on your phone, ensuring you never miss out on invest-mints, encourage-mints, and budgeting improve-mints!\u00a0 Unlock the potential of your money! Announce-Mints provide expert tips, real-time market insights, and investment opportunities aligned with your goals. Whether a newbie or pro, let [&hellip;]\" \/>\n<meta property=\"og:url\" content=\"https:\/\/mintvalleyfcu.org\/es\/text-announce-mints\/\" \/>\n<meta property=\"og:site_name\" content=\"Mint Valley Federal Credit Union\" \/>\n<meta property=\"article:modified_time\" content=\"2026-04-08T18:53:52+00:00\" \/>\n<meta property=\"og:image\" content=\"https:\/\/mintvalleyfcu.org\/wp-content\/uploads\/2023\/09\/090123_MintValley_TextCampaign_Digital_LandingPage-1.jpg\" \/>\n\t<meta property=\"og:image:width\" content=\"2500\" \/>\n\t<meta property=\"og:image:height\" content=\"530\" \/>\n\t<meta property=\"og:image:type\" content=\"image\/jpeg\" \/>\n<meta name=\"twitter:card\" content=\"summary_large_image\" \/>\n<meta name=\"twitter:label1\" content=\"Est. reading time\" \/>\n\t<meta name=\"twitter:data1\" content=\"1 minuto\" \/>\n<script type=\"application\/ld+json\" class=\"yoast-schema-graph\">{\"@context\":\"https:\\\/\\\/schema.org\",\"@graph\":[{\"@type\":\"WebPage\",\"@id\":\"https:\\\/\\\/mintvalleyfcu.org\\\/text-announce-mints\\\/\",\"url\":\"https:\\\/\\\/mintvalleyfcu.org\\\/text-announce-mints\\\/\",\"name\":\"Text Announce-Mints! - Mint Valley Federal Credit Union\",\"isPartOf\":{\"@id\":\"https:\\\/\\\/mintvalleyfcu.org\\\/#website\"},\"primaryImageOfPage\":{\"@id\":\"https:\\\/\\\/mintvalleyfcu.org\\\/text-announce-mints\\\/#primaryimage\"},\"image\":{\"@id\":\"https:\\\/\\\/mintvalleyfcu.org\\\/text-announce-mints\\\/#primaryimage\"},\"thumbnailUrl\":\"https:\\\/\\\/mintvalleyfcu.org\\\/wp-content\\\/uploads\\\/2023\\\/09\\\/090123_MintValley_TextCampaign_Digital_LandingPage-1.jpg\",\"datePublished\":\"2023-09-07T20:15:22+00:00\",\"dateModified\":\"2026-04-08T18:53:52+00:00\",\"breadcrumb\":{\"@id\":\"https:\\\/\\\/mintvalleyfcu.org\\\/text-announce-mints\\\/#breadcrumb\"},\"inLanguage\":\"es\",\"potentialAction\":[{\"@type\":\"ReadAction\",\"target\":[\"https:\\\/\\\/mintvalleyfcu.org\\\/text-announce-mints\\\/\"]}]},{\"@type\":\"ImageObject\",\"inLanguage\":\"es\",\"@id\":\"https:\\\/\\\/mintvalleyfcu.org\\\/text-announce-mints\\\/#primaryimage\",\"url\":\"https:\\\/\\\/mintvalleyfcu.org\\\/wp-content\\\/uploads\\\/2023\\\/09\\\/090123_MintValley_TextCampaign_Digital_LandingPage-1.jpg\",\"contentUrl\":\"https:\\\/\\\/mintvalleyfcu.org\\\/wp-content\\\/uploads\\\/2023\\\/09\\\/090123_MintValley_TextCampaign_Digital_LandingPage-1.jpg\",\"width\":2500,\"height\":530,\"caption\":\"Introducing Text Announce-mints\"},{\"@type\":\"BreadcrumbList\",\"@id\":\"https:\\\/\\\/mintvalleyfcu.org\\\/text-announce-mints\\\/#breadcrumb\",\"itemListElement\":[{\"@type\":\"ListItem\",\"position\":1,\"name\":\"Home\",\"item\":\"https:\\\/\\\/mintvalleyfcu.org\\\/\"},{\"@type\":\"ListItem\",\"position\":2,\"name\":\"Text Announce-Mints!\"}]},{\"@type\":\"WebSite\",\"@id\":\"https:\\\/\\\/mintvalleyfcu.org\\\/#website\",\"url\":\"https:\\\/\\\/mintvalleyfcu.org\\\/\",\"name\":\"Mint Valley Federal Credit Union\",\"description\":\"If you\u2019re looking for a credit union that treats you more like family than just another customer, Mint Valley Federal Credit Union is the place for you.\",\"publisher\":{\"@id\":\"https:\\\/\\\/mintvalleyfcu.org\\\/#organization\"},\"potentialAction\":[{\"@type\":\"SearchAction\",\"target\":{\"@type\":\"EntryPoint\",\"urlTemplate\":\"https:\\\/\\\/mintvalleyfcu.org\\\/?s={search_term_string}\"},\"query-input\":{\"@type\":\"PropertyValueSpecification\",\"valueRequired\":true,\"valueName\":\"search_term_string\"}}],\"inLanguage\":\"es\"},{\"@type\":\"Organization\",\"@id\":\"https:\\\/\\\/mintvalleyfcu.org\\\/#organization\",\"name\":\"Mint Valley Federal Credit Union\",\"url\":\"https:\\\/\\\/mintvalleyfcu.org\\\/\",\"logo\":{\"@type\":\"ImageObject\",\"inLanguage\":\"es\",\"@id\":\"https:\\\/\\\/mintvalleyfcu.org\\\/#\\\/schema\\\/logo\\\/image\\\/\",\"url\":\"https:\\\/\\\/mintvalleyfcu.org\\\/wp-content\\\/uploads\\\/2022\\\/02\\\/MintValley_logo_horizontal_90th_White-scaled.png\",\"contentUrl\":\"https:\\\/\\\/mintvalleyfcu.org\\\/wp-content\\\/uploads\\\/2022\\\/02\\\/MintValley_logo_horizontal_90th_White-scaled.png\",\"width\":2560,\"height\":1047,\"caption\":\"Mint Valley Federal Credit Union\"},\"image\":{\"@id\":\"https:\\\/\\\/mintvalleyfcu.org\\\/#\\\/schema\\\/logo\\\/image\\\/\"}}]}<\/script>\n<!-- \/ Yoast SEO plugin. -->","yoast_head_json":{"title":"Text Announce-Mints! - Mint Valley Federal Credit Union","robots":{"index":"index","follow":"follow","max-snippet":"max-snippet:-1","max-image-preview":"max-image-preview:large","max-video-preview":"max-video-preview:-1"},"canonical":"https:\/\/mintvalleyfcu.org\/es\/text-announce-mints\/","og_locale":"es_ES","og_type":"article","og_title":"Text Announce-Mints! - Mint Valley Federal Credit Union","og_description":"Stay updated effortlessly in our fast-paced world with our Text Announce-Mints! Receive tailored insights directly on your phone, ensuring you never miss out on invest-mints, encourage-mints, and budgeting improve-mints!\u00a0 Unlock the potential of your money! Announce-Mints provide expert tips, real-time market insights, and investment opportunities aligned with your goals. Whether a newbie or pro, let [&hellip;]","og_url":"https:\/\/mintvalleyfcu.org\/es\/text-announce-mints\/","og_site_name":"Mint Valley Federal Credit Union","article_modified_time":"2026-04-08T18:53:52+00:00","og_image":[{"width":2500,"height":530,"url":"https:\/\/mintvalleyfcu.org\/wp-content\/uploads\/2023\/09\/090123_MintValley_TextCampaign_Digital_LandingPage-1.jpg","type":"image\/jpeg"}],"twitter_card":"summary_large_image","twitter_misc":{"Est. reading time":"1 minuto"},"schema":{"@context":"https:\/\/schema.org","@graph":[{"@type":"WebPage","@id":"https:\/\/mintvalleyfcu.org\/text-announce-mints\/","url":"https:\/\/mintvalleyfcu.org\/text-announce-mints\/","name":"Text Announce-Mints! - Mint Valley Federal Credit Union","isPartOf":{"@id":"https:\/\/mintvalleyfcu.org\/#website"},"primaryImageOfPage":{"@id":"https:\/\/mintvalleyfcu.org\/text-announce-mints\/#primaryimage"},"image":{"@id":"https:\/\/mintvalleyfcu.org\/text-announce-mints\/#primaryimage"},"thumbnailUrl":"https:\/\/mintvalleyfcu.org\/wp-content\/uploads\/2023\/09\/090123_MintValley_TextCampaign_Digital_LandingPage-1.jpg","datePublished":"2023-09-07T20:15:22+00:00","dateModified":"2026-04-08T18:53:52+00:00","breadcrumb":{"@id":"https:\/\/mintvalleyfcu.org\/text-announce-mints\/#breadcrumb"},"inLanguage":"es","potentialAction":[{"@type":"ReadAction","target":["https:\/\/mintvalleyfcu.org\/text-announce-mints\/"]}]},{"@type":"ImageObject","inLanguage":"es","@id":"https:\/\/mintvalleyfcu.org\/text-announce-mints\/#primaryimage","url":"https:\/\/mintvalleyfcu.org\/wp-content\/uploads\/2023\/09\/090123_MintValley_TextCampaign_Digital_LandingPage-1.jpg","contentUrl":"https:\/\/mintvalleyfcu.org\/wp-content\/uploads\/2023\/09\/090123_MintValley_TextCampaign_Digital_LandingPage-1.jpg","width":2500,"height":530,"caption":"Introducing Text Announce-mints"},{"@type":"BreadcrumbList","@id":"https:\/\/mintvalleyfcu.org\/text-announce-mints\/#breadcrumb","itemListElement":[{"@type":"ListItem","position":1,"name":"Home","item":"https:\/\/mintvalleyfcu.org\/"},{"@type":"ListItem","position":2,"name":"Text Announce-Mints!"}]},{"@type":"WebSite","@id":"https:\/\/mintvalleyfcu.org\/#website","url":"https:\/\/mintvalleyfcu.org\/","name":"Mint Valley Federal Credit Union","description":"Si est\u00e1 buscando una cooperativa de cr\u00e9dito que lo trate m\u00e1s como familia que como un cliente m\u00e1s, Mint Valley Federal Credit Union es el lugar para usted.","publisher":{"@id":"https:\/\/mintvalleyfcu.org\/#organization"},"potentialAction":[{"@type":"SearchAction","target":{"@type":"EntryPoint","urlTemplate":"https:\/\/mintvalleyfcu.org\/?s={search_term_string}"},"query-input":{"@type":"PropertyValueSpecification","valueRequired":true,"valueName":"search_term_string"}}],"inLanguage":"es"},{"@type":"Organization","@id":"https:\/\/mintvalleyfcu.org\/#organization","name":"Mint Valley Federal Credit Union","url":"https:\/\/mintvalleyfcu.org\/","logo":{"@type":"ImageObject","inLanguage":"es","@id":"https:\/\/mintvalleyfcu.org\/#\/schema\/logo\/image\/","url":"https:\/\/mintvalleyfcu.org\/wp-content\/uploads\/2022\/02\/MintValley_logo_horizontal_90th_White-scaled.png","contentUrl":"https:\/\/mintvalleyfcu.org\/wp-content\/uploads\/2022\/02\/MintValley_logo_horizontal_90th_White-scaled.png","width":2560,"height":1047,"caption":"Mint Valley Federal Credit Union"},"image":{"@id":"https:\/\/mintvalleyfcu.org\/#\/schema\/logo\/image\/"}}]}},"featured_image_src":"https:\/\/mintvalleyfcu.org\/wp-content\/uploads\/2023\/09\/090123_MintValley_TextCampaign_Digital_LandingPage-1-600x400.jpg","featured_image_src_square":"https:\/\/mintvalleyfcu.org\/wp-content\/uploads\/2023\/09\/090123_MintValley_TextCampaign_Digital_LandingPage-1-600x530.jpg","_links":{"self":[{"href":"https:\/\/mintvalleyfcu.org\/es\/wp-json\/wp\/v2\/pages\/925","targetHints":{"allow":["GET"]}}],"collection":[{"href":"https:\/\/mintvalleyfcu.org\/es\/wp-json\/wp\/v2\/pages"}],"about":[{"href":"https:\/\/mintvalleyfcu.org\/es\/wp-json\/wp\/v2\/types\/page"}],"author":[{"embeddable":true,"href":"https:\/\/mintvalleyfcu.org\/es\/wp-json\/wp\/v2\/users\/2"}],"replies":[{"embeddable":true,"href":"https:\/\/mintvalleyfcu.org\/es\/wp-json\/wp\/v2\/comments?post=925"}],"version-history":[{"count":0,"href":"https:\/\/mintvalleyfcu.org\/es\/wp-json\/wp\/v2\/pages\/925\/revisions"}],"wp:featuredmedia":[{"embeddable":true,"href":"https:\/\/mintvalleyfcu.org\/es\/wp-json\/wp\/v2\/media\/926"}],"wp:attachment":[{"href":"https:\/\/mintvalleyfcu.org\/es\/wp-json\/wp\/v2\/media?parent=925"}],"wp:term":[{"taxonomy":"category","embeddable":true,"href":"https:\/\/mintvalleyfcu.org\/es\/wp-json\/wp\/v2\/categories?post=925"},{"taxonomy":"post_tag","embeddable":true,"href":"https:\/\/mintvalleyfcu.org\/es\/wp-json\/wp\/v2\/tags?post=925"}],"curies":[{"name":"wp","href":"https:\/\/api.w.org\/{rel}","templated":true}]}}